 
{"id":928,"date":"2014-04-26T17:10:16","date_gmt":"2014-04-26T17:10:16","guid":{"rendered":"http:\/\/demo.themegrill.com\/accelerate\/?page_id=21"},"modified":"2023-05-04T20:11:34","modified_gmt":"2023-05-04T20:11:34","slug":"sistema-electronico","status":"publish","type":"page","link":"https:\/\/iaciduino.enp.unam.mx\/index.php\/manual-de-programacion-con-arduino\/sistema-electronico\/","title":{"rendered":"Sistema electr\u00f3nico"},"content":{"rendered":"<p>En este apartado conocer\u00e1s los elementos de un sistema electr\u00f3nico: sensor, controlador y actuador.<\/p>\n<p>Un sistema electr\u00f3nico es capaz de adquirir se\u00f1ales del mundo f\u00edsico, procesarlas y realizar algunas acciones que produzcan cambios f\u00edsicos. Est\u00e1 compuesto de los siguientes elementos: sensores, controladores y actuadores (Figura 1).<\/p>\n<p><img loading=\"lazy\" decoding=\"async\" class=\"aligncenter wp-image-6344 size-large\" src=\"https:\/\/iaciduino.enp.unam.mx\/wp-content\/uploads\/2023\/04\/sistema-electronico-1024x576.png\" alt=\"\" width=\"720\" height=\"405\" srcset=\"https:\/\/iaciduino.enp.unam.mx\/wp-content\/uploads\/2023\/04\/sistema-electronico-1024x576.png 1024w, https:\/\/iaciduino.enp.unam.mx\/wp-content\/uploads\/2023\/04\/sistema-electronico-300x169.png 300w, https:\/\/iaciduino.enp.unam.mx\/wp-content\/uploads\/2023\/04\/sistema-electronico-768x432.png 768w, https:\/\/iaciduino.enp.unam.mx\/wp-content\/uploads\/2023\/04\/sistema-electronico.png 1280w\" sizes=\"auto, (max-width: 720px) 100vw, 720px\" \/><\/p>\n<p style=\"text-align: center;\">Figura 1. Sistema electr\u00f3nico. Fuente: imagen de creaci\u00f3n propia<\/p>\n<p>La finalidad del sistema electr\u00f3nico es realizar tres operaciones b\u00e1sicas con sus componentes:\u00a0<\/p>\n<ol>\n<li><strong>Medici\u00f3n.<\/strong> La medici\u00f3n de la variable en estudio se hace con un sensor y un transmisor.<\/li>\n<li><strong>Decisi\u00f3n. <\/strong>El\u00a0controlador decide qu\u00e9 hacer con base en su programaci\u00f3n y la medici\u00f3n de la variable.<\/li>\n<li><strong>Acci\u00f3n.<\/strong> Con base en la decisi\u00f3n tomada por el controlador,\u00a0 se efect\u00faa una acci\u00f3n en el sistema y la ejecuta un actuador.<\/li>\n<\/ol>\n<h2><span style=\"color: #002b7a;\">Sensores<\/span><\/h2>\n<blockquote>\n<p>Los sensores son dispositivos que permiten capturar las se\u00f1ales que producen los fen\u00f3menos f\u00edsicos.<\/p>\n<\/blockquote>\n<p>Por lo general, los sensores usan un transductor para convertir la se\u00f1al de la magnitud f\u00edsica que estamos midiendo a una se\u00f1al el\u00e9ctrica. El transductor convierte entre dos tipos de energ\u00eda, por ejemplo, de energ\u00eda t\u00e9rmica a energ\u00eda el\u00e9ctrica, de lum\u00ednica a el\u00e9ctrica o de mec\u00e1nica a el\u00e9ctrica.<\/p>\n<p>De acuerdo al tipo de se\u00f1al de salida que generan, los sensores se clasifican en anal\u00f3gicos y digitales.<\/p>\n<p>Un <strong>sensor anal\u00f3gico<\/strong> produce una se\u00f1al el\u00e9ctrica de salida comprendida entre un rango de valores que var\u00edan en el tiempo y son proporcionales a los efectos f\u00edsicos del fen\u00f3meno que se est\u00e1 midiendo.<\/p>\n<p>Un <strong>sensor digital<\/strong> generalmente recibe como entrada una se\u00f1al anal\u00f3gica y proporciona de salida una se\u00f1al digital, es decir, los \u00fanicos posibles valores de salida son 0 (apagado) o 1 (encendido). Este proceso de conversi\u00f3n se realiza gracias a que el sensor digital internamente est\u00e1 compuesto de un transductor, un acondicionador de se\u00f1ales (que incluye amplificadores y filtros), un conversor anal\u00f3gico digital y un microcontrolador (Figura 2).<\/p>\n<p>\u00a0<\/p>\n<figure id=\"attachment_859\" aria-describedby=\"caption-attachment-859\" style=\"width: 1507px\" class=\"wp-caption alignnone\"><img loading=\"lazy\" decoding=\"async\" class=\"wp-image-859 size-full\" src=\"https:\/\/iaciduino.enp.unam.mx\/wp-content\/uploads\/2020\/12\/sensor.png\" alt=\"elementos-sensor\" width=\"1507\" height=\"203\" \/><figcaption id=\"caption-attachment-859\" class=\"wp-caption-text\">Figura 2 Elementos de un sensor<\/figcaption><\/figure>\n<p>Algunos ejemplos de sensores que puedes utilizar con la tarjeta Arduino son: bot\u00f3n pulsador, fotorresistencia, humedad, presi\u00f3n, entre otros. En la Figura 3 se pueden apreciar estos sensores.<\/p>\n<p>\u00a0<\/p>\n\n\n<figure class=\"wp-block-gallery has-nested-images columns-default is-cropped wp-block-gallery-1 is-layout-flex wp-block-gallery-is-layout-flex\">\n<figure class=\"wp-block-image size-large\"><img loading=\"lazy\" decoding=\"async\" width=\"296\" height=\"296\" data-id=\"1579\" src=\"https:\/\/iaciduino.enp.unam.mx\/wp-content\/uploads\/2020\/12\/senor-potenciometro.png\" alt=\"\" class=\"wp-image-1579\"\/><figcaption class=\"wp-element-caption\">Potenci\u00f3metro<\/figcaption><\/figure>\n\n\n\n<figure class=\"wp-block-image size-large\"><img loading=\"lazy\" decoding=\"async\" width=\"296\" height=\"296\" data-id=\"1580\" src=\"https:\/\/iaciduino.enp.unam.mx\/wp-content\/uploads\/2020\/12\/sensor-boton.png\" alt=\"\" class=\"wp-image-1580\"\/><figcaption class=\"wp-element-caption\">Bot\u00f3n pulsador<\/figcaption><\/figure>\n\n\n\n<figure class=\"wp-block-image size-large\"><img loading=\"lazy\" decoding=\"async\" width=\"297\" height=\"296\" data-id=\"1581\" src=\"https:\/\/iaciduino.enp.unam.mx\/wp-content\/uploads\/2020\/12\/sensor-fotorresistencia.png\" alt=\"\" class=\"wp-image-1581\"\/><figcaption class=\"wp-element-caption\">Fotorresistencia<\/figcaption><\/figure>\n\n\n\n<figure class=\"wp-block-image size-large\"><img loading=\"lazy\" decoding=\"async\" width=\"296\" height=\"296\" data-id=\"1582\" src=\"https:\/\/iaciduino.enp.unam.mx\/wp-content\/uploads\/2020\/12\/sensor-humedad.png\" alt=\"\" class=\"wp-image-1582\"\/><figcaption class=\"wp-element-caption\">Sensor de humedad<\/figcaption><\/figure>\n\n\n\n<figure class=\"wp-block-image size-large\"><img loading=\"lazy\" decoding=\"async\" width=\"297\" height=\"296\" data-id=\"1583\" src=\"https:\/\/iaciduino.enp.unam.mx\/wp-content\/uploads\/2020\/12\/sensor-pir.png\" alt=\"\" class=\"wp-image-1583\"\/><figcaption class=\"wp-element-caption\">Sensor de proximidad<\/figcaption><\/figure>\n\n\n\n<figure class=\"wp-block-image size-large\"><img loading=\"lazy\" decoding=\"async\" width=\"296\" height=\"296\" data-id=\"1584\" src=\"https:\/\/iaciduino.enp.unam.mx\/wp-content\/uploads\/2020\/12\/sensor-presion.png\" alt=\"\" class=\"wp-image-1584\"\/><figcaption class=\"wp-element-caption\">Sensor de presi\u00f3n<\/figcaption><\/figure>\n\n\n\n<figure class=\"wp-block-image size-large\"><img loading=\"lazy\" decoding=\"async\" width=\"296\" height=\"296\" data-id=\"1585\" src=\"https:\/\/iaciduino.enp.unam.mx\/wp-content\/uploads\/2020\/12\/sensor-ritmocardiaco.png\" alt=\"\" class=\"wp-image-1585\"\/><figcaption class=\"wp-element-caption\">Sensor de pulso y ritmo cardiaco<\/figcaption><\/figure>\n\n\n\n<figure class=\"wp-block-image size-large\"><img loading=\"lazy\" decoding=\"async\" width=\"296\" height=\"296\" data-id=\"1586\" src=\"https:\/\/iaciduino.enp.unam.mx\/wp-content\/uploads\/2020\/12\/sensor-temperatura.png\" alt=\"\" class=\"wp-image-1586\"\/><figcaption class=\"wp-element-caption\">Sensor de temperatura<\/figcaption><\/figure>\n\n\n\n<figure class=\"wp-block-image size-large\"><img loading=\"lazy\" decoding=\"async\" width=\"296\" height=\"296\" data-id=\"1587\" src=\"https:\/\/iaciduino.enp.unam.mx\/wp-content\/uploads\/2020\/12\/sensor-ultrasonico.png\" alt=\"\" class=\"wp-image-1587\"\/><figcaption class=\"wp-element-caption\">Sensor ultras\u00f3nico<\/figcaption><\/figure>\n<figcaption class=\"blocks-gallery-caption wp-element-caption\">Figura 3 Sensores<\/figcaption><\/figure>\n\n\n\n<div style=\"height:50px\" aria-hidden=\"true\" class=\"wp-block-spacer\"><\/div>\n\n\n<h2><span style=\"color: #002b7a;\">Controladores<\/span><\/h2>\n<blockquote>\n<p>Un controlador es un conjunto de circuitos electr\u00f3nicos interconectados que permiten obtener informaci\u00f3n de los sensores, procesarla y controlar las acciones f\u00edsicas que realizan los actuadores.<\/p>\n<\/blockquote>\n<p>Estos dispositivos son los encargados de&nbsp; procesar las se\u00f1ales anal\u00f3gicas o digitales obtenidas de los sensores y tambi\u00e9n permiten manipular los actuadores para que realicen las acciones f\u00edsicas deseadas de acuerdo con su programaci\u00f3n.<\/p>\n<p>Algunos de los controladores que ofrece la plataforma Arduino se muestran en la Figura 4.<\/p>\n<p><\/p>\n\n\n<figure class=\"wp-block-gallery aligncenter has-nested-images columns-2 is-cropped wp-block-gallery-2 is-layout-flex wp-block-gallery-is-layout-flex\">\n<figure class=\"wp-block-image size-large\"><img loading=\"lazy\" decoding=\"async\" width=\"412\" height=\"288\" data-id=\"873\" src=\"https:\/\/iaciduino.enp.unam.mx\/wp-content\/uploads\/2020\/12\/arduino-uno.png\" alt=\"\" class=\"wp-image-873\"\/><figcaption class=\"wp-element-caption\">Tarjeta Arduino UNO Rev 3<\/figcaption><\/figure>\n\n\n\n<figure class=\"wp-block-image size-large\"><img loading=\"lazy\" decoding=\"async\" width=\"412\" height=\"315\" data-id=\"870\" src=\"https:\/\/iaciduino.enp.unam.mx\/wp-content\/uploads\/2020\/12\/arduino-leonardo.png\" alt=\"\" class=\"wp-image-870\"\/><figcaption class=\"wp-element-caption\">Tarjeta Arduino Leonardo<\/figcaption><\/figure>\n\n\n\n<figure class=\"wp-block-image size-large\"><img loading=\"lazy\" decoding=\"async\" width=\"411\" height=\"215\" data-id=\"871\" src=\"https:\/\/iaciduino.enp.unam.mx\/wp-content\/uploads\/2020\/12\/arduino-mega.png\" alt=\"\" class=\"wp-image-871\"\/><figcaption class=\"wp-element-caption\">Tarjeta Arduino Mega<\/figcaption><\/figure>\n\n\n\n<figure class=\"wp-block-image size-large\"><img loading=\"lazy\" decoding=\"async\" width=\"411\" height=\"183\" data-id=\"872\" src=\"https:\/\/iaciduino.enp.unam.mx\/wp-content\/uploads\/2020\/12\/arduino-nano.png\" alt=\"\" class=\"wp-image-872\"\/><figcaption class=\"wp-element-caption\">Tarjeta Arduino nano<\/figcaption><\/figure>\n<figcaption class=\"blocks-gallery-caption wp-element-caption\">Figura 4 Controladores. Im\u00e1genes tomadas del sitio web de Arduino <a href=\"https:\/\/www.arduino.cc\/\" target=\"_blank\" rel=\"noreferrer noopener\">https:\/\/www.arduino.cc\/<\/a><\/figcaption><\/figure>\n\n\n\n<div style=\"height:50px\" aria-hidden=\"true\" class=\"wp-block-spacer\"><\/div>\n\n\n<h2><span style=\"color: #002b7a;\">Actuadores<\/span><\/h2>\n<blockquote>\n<p>Un actuador es un dispositivo controlado electr\u00f3nicamente que producen una acci\u00f3n en el mundo f\u00edsico.<\/p>\n<\/blockquote>\n<p>Algunas acciones que puede realizar un actuador son: una fuerza mec\u00e1nica, el encendido de un motor, el encendido de un LED o la generaci\u00f3n de sonidos.<\/p>\n<p>Cuando se usa un actuador es importante verificar la potencia que requiere para su funcionamiento y si no es suficiente la que proporciona la tarjeta Arduino, ser\u00e1 necesario utilizar una fuente de alimentaci\u00f3n externa (Abusleme, s\/f).<\/p>\n<p>Algunos ejemplos de actuadores son: LED, servomotor, buzzer pasivo, display LCD, display de 7 segmentos, LED RGB, entre otros (Figura 5).<\/p>\n<p><\/p>\n\n\n<figure class=\"wp-block-gallery has-nested-images columns-default is-cropped wp-block-gallery-3 is-layout-flex wp-block-gallery-is-layout-flex\">\n<figure class=\"wp-block-image size-large\"><img loading=\"lazy\" decoding=\"async\" width=\"296\" height=\"297\" data-id=\"1573\" src=\"https:\/\/iaciduino.enp.unam.mx\/wp-content\/uploads\/2020\/12\/actuador-lcd.png\" alt=\"display LCD\" class=\"wp-image-1573\"\/><figcaption class=\"wp-element-caption\">Display LCD<\/figcaption><\/figure>\n\n\n\n<figure class=\"wp-block-image size-large\"><img loading=\"lazy\" decoding=\"async\" width=\"296\" height=\"297\" data-id=\"1572\" src=\"https:\/\/iaciduino.enp.unam.mx\/wp-content\/uploads\/2020\/12\/actuador-buzzer.png\" alt=\"\" class=\"wp-image-1572\"\/><figcaption class=\"wp-element-caption\">Buzzer<\/figcaption><\/figure>\n\n\n\n<figure class=\"wp-block-image size-large\"><img loading=\"lazy\" decoding=\"async\" width=\"296\" height=\"296\" data-id=\"1574\" src=\"https:\/\/iaciduino.enp.unam.mx\/wp-content\/uploads\/2020\/12\/actuador-led.png\" alt=\"\" class=\"wp-image-1574\"\/><figcaption class=\"wp-element-caption\">LED<\/figcaption><\/figure>\n\n\n\n<figure class=\"wp-block-image size-large\"><img loading=\"lazy\" decoding=\"async\" width=\"296\" height=\"296\" data-id=\"1575\" src=\"https:\/\/iaciduino.enp.unam.mx\/wp-content\/uploads\/2020\/12\/actuador-ledrgb.png\" alt=\"\" class=\"wp-image-1575\"\/><figcaption class=\"wp-element-caption\">LED RGB<\/figcaption><\/figure>\n\n\n\n<figure class=\"wp-block-image size-large\"><img loading=\"lazy\" decoding=\"async\" width=\"296\" height=\"296\" data-id=\"1576\" src=\"https:\/\/iaciduino.enp.unam.mx\/wp-content\/uploads\/2020\/12\/actuador-servomotor.png\" alt=\"servomotor\" class=\"wp-image-1576\"\/><figcaption class=\"wp-element-caption\">Servomotor<\/figcaption><\/figure>\n\n\n\n<figure class=\"wp-block-image size-large\"><img loading=\"lazy\" decoding=\"async\" width=\"296\" height=\"296\" data-id=\"1577\" src=\"https:\/\/iaciduino.enp.unam.mx\/wp-content\/uploads\/2020\/12\/actuador-ventilador.png\" alt=\"\" class=\"wp-image-1577\"\/><figcaption class=\"wp-element-caption\">Ventilador<\/figcaption><\/figure>\n<figcaption class=\"blocks-gallery-caption wp-element-caption\">Figura 5 Actuadores<\/figcaption><\/figure>\n\n\n\n<div style=\"height:50px\" aria-hidden=\"true\" class=\"wp-block-spacer\"><\/div>\n\n\n\n<div class=\"wp-block-columns are-vertically-aligned-center is-layout-flex wp-container-core-columns-is-layout-9d6595d7 wp-block-columns-is-layout-flex\">\n<div class=\"wp-block-column is-vertically-aligned-center is-layout-flow wp-block-column-is-layout-flow\" style=\"flex-basis:33.33%\">\n<figure class=\"wp-block-image size-large is-resized\"><img loading=\"lazy\" decoding=\"async\" src=\"https:\/\/iaciduino.enp.unam.mx\/wp-content\/uploads\/2021\/02\/Autoecaluacio\u0301nArmandoCircuitos.gif\" alt=\"logo-autoevaluaci\u00f3n\" width=\"150\" height=\"150\"\/><\/figure>\n<\/div>\n\n\n\n<div class=\"wp-block-column is-vertically-aligned-center is-layout-flow wp-block-column-is-layout-flow\" style=\"flex-basis:66.66%\">\n<h2><span style=\"color: #000080;\">Autoevaluaci\u00f3n<\/span><\/h2>\n<\/div>\n<\/div>\n\n\n<div class=\"h5p-iframe-wrapper\"><iframe id=\"h5p-iframe-4\" class=\"h5p-iframe\" data-content-id=\"4\" style=\"height:1px\" src=\"about:blank\" frameBorder=\"0\" scrolling=\"no\" title=\"Ejercicio 4 Sistema electr\u00f3nico\"><\/iframe><\/div>\n<p><\/p>\n\n\n<div style=\"height:50px\" aria-hidden=\"true\" class=\"wp-block-spacer\"><\/div>\n\n\n\n<div class=\"wp-block-columns are-vertically-aligned-center is-layout-flex wp-container-core-columns-is-layout-9d6595d7 wp-block-columns-is-layout-flex\">\n<div class=\"wp-block-column is-vertically-aligned-center is-layout-flow wp-block-column-is-layout-flow\" style=\"flex-basis:33.33%\">\n<figure class=\"wp-block-image size-large is-resized\"><img loading=\"lazy\" decoding=\"async\" src=\"https:\/\/iaciduino.enp.unam.mx\/wp-content\/uploads\/2021\/01\/ledAprende.gif\" alt=\"para aprender m\u00e1s\" width=\"150\" height=\"150\"\/><\/figure>\n<\/div>\n\n\n\n<div class=\"wp-block-column is-vertically-aligned-center is-layout-flow wp-block-column-is-layout-flow\" style=\"flex-basis:66.66%\">\n<h2><span style=\"color: #000080;\">Para aprender m\u00e1s<\/span><\/h2>\n<\/div>\n<\/div>\n\n\n<p>Ba\u00f1uelos Saucedo, M. A. (2020). <em>Arduino y su convertidor anal\u00f3gico-digital.<\/em> <a href=\"https:\/\/www.youtube.com\/watch?v=Fa837-9RwkI\" target=\"_blank\" rel=\"noopener noreferrer\">https:\/\/www.youtube.com\/watch?v=Fa837-9RwkI<\/a><\/p>\n<p>Mora, H. (2002). <em>Sistema de adquisici\u00f3n y procesamiento de datos.<\/em> <a href=\"https:\/\/rua.ua.es\/dspace\/bitstream\/10045\/19119\/1\/Sistemas%20de%20adquisici%c3%b3n%20y%20Procesamiento%20de%20datos.pdf\" target=\"_blank\" rel=\"noopener noreferrer\">https:\/\/rua.ua.es\/dspace\/bitstream\/10045\/19119\/1\/Sistemas%20de%20adquisici%c3%b3n%20y%20Procesamiento%20de%20datos.pdf<\/a><\/p>\n<p>Pontificia Universidad Cat\u00f3lica en Chile (s\/f). <em>Electrones en Acci\u00f3n: Electr\u00f3nica y Arduinos para tus propios inventos.<\/em> Coursera.&nbsp;<\/p>\n\n\n<div style=\"height:50px\" aria-hidden=\"true\" class=\"wp-block-spacer\"><\/div>\n\n\n\n<hr class=\"wp-block-separator has-css-opacity\"\/>\n\n\n\n<div class=\"wp-block-columns is-layout-flex wp-container-core-columns-is-layout-9d6595d7 wp-block-columns-is-layout-flex\">\n<div class=\"wp-block-column is-layout-flow wp-block-column-is-layout-flow\">\n<p><a href=\"http:\/\/132.248.251.218\/wpArduino\/index.php\/manual-de-programacion-con-arduino\/circuitos-electricos\/\">&lt; <\/a><a href=\"https:\/\/iaciduino.enp.unam.mx\/index.php\/manual-de-programacion-con-arduino\/circuitos-electricos\/\">Circuitos el\u00e9ctricos<\/a><\/p>\n<\/div>\n\n\n\n<div class=\"wp-block-column is-layout-flow wp-block-column-is-layout-flow\">\n<p class=\"has-text-align-right\"><a href=\"https:\/\/iaciduino.enp.unam.mx\/index.php\/manual-de-programacion-con-arduino\/kit-de-practicas\/\">Kit de pr\u00e1cticas  ><\/a><\/p>\n<\/div>\n<\/div>\n","protected":false},"excerpt":{"rendered":"<p>En este apartado conocer\u00e1s los elementos de un sistema electr\u00f3nico: sensor, controlador y actuador. Un sistema electr\u00f3nico es capaz de adquirir se\u00f1ales del mundo f\u00edsico, procesarlas y realizar algunas acciones que produzcan cambios f\u00edsicos. Est\u00e1 compuesto de los siguientes elementos:<\/p>\n","protected":false},"author":1,"featured_media":0,"parent":18,"menu_order":5,"comment_status":"closed","ping_status":"closed","template":"","meta":{"footnotes":""},"class_list":["post-928","page","type-page","status-publish","hentry"],"_links":{"self":[{"href":"https:\/\/iaciduino.enp.unam.mx\/index.php\/wp-json\/wp\/v2\/pages\/928","targetHints":{"allow":["GET"]}}],"collection":[{"href":"https:\/\/iaciduino.enp.unam.mx\/index.php\/wp-json\/wp\/v2\/pages"}],"about":[{"href":"https:\/\/iaciduino.enp.unam.mx\/index.php\/wp-json\/wp\/v2\/types\/page"}],"author":[{"embeddable":true,"href":"https:\/\/iaciduino.enp.unam.mx\/index.php\/wp-json\/wp\/v2\/users\/1"}],"replies":[{"embeddable":true,"href":"https:\/\/iaciduino.enp.unam.mx\/index.php\/wp-json\/wp\/v2\/comments?post=928"}],"version-history":[{"count":72,"href":"https:\/\/iaciduino.enp.unam.mx\/index.php\/wp-json\/wp\/v2\/pages\/928\/revisions"}],"predecessor-version":[{"id":6651,"href":"https:\/\/iaciduino.enp.unam.mx\/index.php\/wp-json\/wp\/v2\/pages\/928\/revisions\/6651"}],"up":[{"embeddable":true,"href":"https:\/\/iaciduino.enp.unam.mx\/index.php\/wp-json\/wp\/v2\/pages\/18"}],"wp:attachment":[{"href":"https:\/\/iaciduino.enp.unam.mx\/index.php\/wp-json\/wp\/v2\/media?parent=928"}],"curies":[{"name":"wp","href":"https:\/\/api.w.org\/{rel}","templated":true}]}}