 
{"id":5157,"date":"2022-02-02T21:48:33","date_gmt":"2022-02-02T21:48:33","guid":{"rendered":"http:\/\/132.248.251.218\/wpArduino\/index.php\/practicas-con-dasa\/sensor-temperatura-copy\/"},"modified":"2023-05-05T00:25:09","modified_gmt":"2023-05-05T00:25:09","slug":"sensor-ultrasonico","status":"publish","type":"page","link":"https:\/\/iaciduino.enp.unam.mx\/index.php\/practicas-con-dasa\/sensor-ultrasonico\/","title":{"rendered":"Sensor ultras\u00f3nico: medici\u00f3n de distancias"},"content":{"rendered":"\n<p>Pr\u00e1cticas con DASA<\/p>\n\n\n\n<div class=\"wp-block-columns are-vertically-aligned-center has-background is-layout-flex wp-container-core-columns-is-layout-9d6595d7 wp-block-columns-is-layout-flex\" style=\"background-color:#f2f2f2\">\n<div class=\"wp-block-column is-vertically-aligned-center is-layout-flow wp-block-column-is-layout-flow\" style=\"flex-basis:20%\">\n<figure class=\"wp-block-image alignfull size-large\"><img decoding=\"async\" src=\"https:\/\/iaciduino.enp.unam.mx\/wp-content\/uploads\/2021\/01\/ArmandoCircuitosAnimado-1.gif\" alt=\"\"\/><\/figure>\n<\/div>\n\n\n\n<div class=\"wp-block-column is-vertically-aligned-center is-layout-flow wp-block-column-is-layout-flow\">\n<figure class=\"wp-block-table is-style-regular\"><table class=\"has-background\" style=\"background-color:#e7f5fe\"><tbody><tr><td>T\u00edtulo de la pr\u00e1ctica:<\/td><td>Sensor ultras\u00f3nico: medici\u00f3n de distancias<\/td><\/tr><tr><td>Objetivo:<\/td><td>El alumno usar\u00e1 un sensor ultras\u00f3nico y una tarjeta Arduino para medir distancias.<\/td><\/tr><tr><td>Tiempo estimado:<\/td><td>50 minutos<\/td><\/tr><tr><td>Nivel de dificultad:<\/td><td>Principiante<\/td><\/tr><\/tbody><\/table><\/figure>\n<\/div>\n<\/div>\n\n\n\n<div style=\"height:50px\" aria-hidden=\"true\" class=\"wp-block-spacer\"><\/div>\n\n\n\n<div class=\"wp-block-group\"><div class=\"wp-block-group__inner-container is-layout-flow wp-block-group-is-layout-flow\">\n<h2><span style=\"color: #002b7a;\">Introducci\u00f3n<\/span><\/h2>\n<p><span style=\"font-size: inherit;\">En el campo de la rob\u00f3tica es com\u00fan encontrar robots que requieren medir distancias para realizar una determinada acci\u00f3n. El sensor ultras\u00f3nico es un componente que podemos utilizar para ejecutar esta tarea. Estos sensores funcionan como un sistema sonar.<\/span><\/p>\n\n\n<div class=\"wp-block-image\">\n<figure class=\"aligncenter size-large is-resized\"><img loading=\"lazy\" decoding=\"async\" src=\"https:\/\/iaciduino.enp.unam.mx\/wp-content\/uploads\/2022\/02\/Basic_robot.jpg\" alt=\"\" width=\"400\" height=\"445\"\/><figcaption class=\"wp-element-caption\">Figura 1 Robot detector de obst\u00e1culos. Simonwilmot, CC BY-SA 3.0 <a href=\"https:\/\/creativecommons.org\/licenses\/by-sa\/3.0\">https:\/\/creativecommons.org\/licenses\/by-sa\/3.0<\/a>, via Wikimedia Commons<\/figcaption><\/figure><\/div>\n\n\n<p><\/p>\n<p>En esta pr\u00e1ctica vas a conocer las caracter\u00edsticas y funcionamiento b\u00e1sico del sensor ultras\u00f3nico HC-SR04 y aprender\u00e1s el procedimiento para medir la distancia de un objeto al sensor con una tarjeta Arduino UNO.<\/p>\n\n\n\n<div style=\"height:49px\" aria-hidden=\"true\" class=\"wp-block-spacer\"><\/div>\n<\/div><\/div>\n\n\n\n<div class=\"wp-block-group\"><div class=\"wp-block-group__inner-container is-layout-flow wp-block-group-is-layout-flow\">\n<h2 class=\"wp-block-heading\"><mark style=\"background-color:rgba(0, 0, 0, 0);color:#002a7b\" class=\"has-inline-color\">Materiales<\/mark><\/h2>\n\n\n\n<figure class=\"wp-block-gallery has-nested-images columns-default wp-block-gallery-1 is-layout-flex wp-block-gallery-is-layout-flex\">\n<figure class=\"wp-block-image size-large\"><img loading=\"lazy\" decoding=\"async\" width=\"798\" height=\"600\" data-id=\"3888\" src=\"https:\/\/iaciduino.enp.unam.mx\/wp-content\/uploads\/2021\/12\/computadora-1.png\" alt=\"computadora\" class=\"wp-image-3888\" srcset=\"https:\/\/iaciduino.enp.unam.mx\/wp-content\/uploads\/2021\/12\/computadora-1.png 798w, https:\/\/iaciduino.enp.unam.mx\/wp-content\/uploads\/2021\/12\/computadora-1-300x226.png 300w, https:\/\/iaciduino.enp.unam.mx\/wp-content\/uploads\/2021\/12\/computadora-1-768x577.png 768w\" sizes=\"auto, (max-width: 798px) 100vw, 798px\" \/><figcaption class=\"wp-element-caption\">Computadora<\/figcaption><\/figure>\n\n\n\n<figure class=\"wp-block-image size-large\"><img loading=\"lazy\" decoding=\"async\" width=\"1024\" height=\"768\" data-id=\"3782\" src=\"https:\/\/iaciduino.enp.unam.mx\/wp-content\/uploads\/2021\/12\/tarjeta_arduino-1024x768.png\" alt=\"tarjeta_arduino\" class=\"wp-image-3782\" srcset=\"https:\/\/iaciduino.enp.unam.mx\/wp-content\/uploads\/2021\/12\/tarjeta_arduino-1024x768.png 1024w, https:\/\/iaciduino.enp.unam.mx\/wp-content\/uploads\/2021\/12\/tarjeta_arduino-300x225.png 300w, https:\/\/iaciduino.enp.unam.mx\/wp-content\/uploads\/2021\/12\/tarjeta_arduino-768x576.png 768w, https:\/\/iaciduino.enp.unam.mx\/wp-content\/uploads\/2021\/12\/tarjeta_arduino-1536x1152.png 1536w, https:\/\/iaciduino.enp.unam.mx\/wp-content\/uploads\/2021\/12\/tarjeta_arduino-2048x1536.png 2048w\" sizes=\"auto, (max-width: 1024px) 100vw, 1024px\" \/><figcaption class=\"wp-element-caption\">Tarjeta Arduino UNO<\/figcaption><\/figure>\n\n\n\n<figure class=\"wp-block-image size-large\"><img loading=\"lazy\" decoding=\"async\" width=\"1024\" height=\"768\" data-id=\"5468\" src=\"https:\/\/iaciduino.enp.unam.mx\/wp-content\/uploads\/2022\/02\/DASA1-1024x768.png\" alt=\"Tarjeta-DASA\" class=\"wp-image-5468\" srcset=\"https:\/\/iaciduino.enp.unam.mx\/wp-content\/uploads\/2022\/02\/DASA1-1024x768.png 1024w, https:\/\/iaciduino.enp.unam.mx\/wp-content\/uploads\/2022\/02\/DASA1-300x225.png 300w, https:\/\/iaciduino.enp.unam.mx\/wp-content\/uploads\/2022\/02\/DASA1-768x576.png 768w, https:\/\/iaciduino.enp.unam.mx\/wp-content\/uploads\/2022\/02\/DASA1-1536x1152.png 1536w, https:\/\/iaciduino.enp.unam.mx\/wp-content\/uploads\/2022\/02\/DASA1-2048x1536.png 2048w\" sizes=\"auto, (max-width: 1024px) 100vw, 1024px\" \/><figcaption class=\"wp-element-caption\">DASA<\/figcaption><\/figure>\n\n\n\n<figure class=\"wp-block-image size-large\"><img loading=\"lazy\" decoding=\"async\" width=\"1024\" height=\"768\" data-id=\"3877\" src=\"https:\/\/iaciduino.enp.unam.mx\/wp-content\/uploads\/2021\/12\/cable-usb-1024x768.png\" alt=\"cable-usb\" class=\"wp-image-3877\" srcset=\"https:\/\/iaciduino.enp.unam.mx\/wp-content\/uploads\/2021\/12\/cable-usb-1024x768.png 1024w, https:\/\/iaciduino.enp.unam.mx\/wp-content\/uploads\/2021\/12\/cable-usb-300x225.png 300w, https:\/\/iaciduino.enp.unam.mx\/wp-content\/uploads\/2021\/12\/cable-usb-768x576.png 768w, https:\/\/iaciduino.enp.unam.mx\/wp-content\/uploads\/2021\/12\/cable-usb-1536x1152.png 1536w, https:\/\/iaciduino.enp.unam.mx\/wp-content\/uploads\/2021\/12\/cable-usb-2048x1536.png 2048w\" sizes=\"auto, (max-width: 1024px) 100vw, 1024px\" \/><figcaption class=\"wp-element-caption\">Cable USB-AB<\/figcaption><\/figure>\n\n\n\n<figure class=\"wp-block-image size-large\"><img loading=\"lazy\" decoding=\"async\" width=\"1024\" height=\"768\" data-id=\"5985\" src=\"https:\/\/iaciduino.enp.unam.mx\/wp-content\/uploads\/2022\/03\/sensor-ultrasonico-1024x768.jpg\" alt=\"sensor-ultrasonico\" class=\"wp-image-5985\" srcset=\"https:\/\/iaciduino.enp.unam.mx\/wp-content\/uploads\/2022\/03\/sensor-ultrasonico-1024x768.jpg 1024w, https:\/\/iaciduino.enp.unam.mx\/wp-content\/uploads\/2022\/03\/sensor-ultrasonico-300x225.jpg 300w, https:\/\/iaciduino.enp.unam.mx\/wp-content\/uploads\/2022\/03\/sensor-ultrasonico-768x576.jpg 768w, https:\/\/iaciduino.enp.unam.mx\/wp-content\/uploads\/2022\/03\/sensor-ultrasonico-1536x1152.jpg 1536w, https:\/\/iaciduino.enp.unam.mx\/wp-content\/uploads\/2022\/03\/sensor-ultrasonico-2048x1536.jpg 2048w\" sizes=\"auto, (max-width: 1024px) 100vw, 1024px\" \/><figcaption class=\"wp-element-caption\">Sensor ultras\u00f3nico<\/figcaption><\/figure>\n\n\n\n<figure class=\"wp-block-image size-large\"><img loading=\"lazy\" decoding=\"async\" width=\"296\" height=\"296\" data-id=\"1375\" src=\"https:\/\/iaciduino.enp.unam.mx\/wp-content\/uploads\/2020\/12\/nomaterial2.png\" alt=\"\" class=\"wp-image-1375\"\/><\/figure>\n<\/figure>\n\n\n\n<div style=\"height:50px\" aria-hidden=\"true\" class=\"wp-block-spacer\"><\/div>\n\n\n\n<h4><span style=\"color: #002b7a;\">Programas<\/span><\/h4>\n<p>Arduino IDE. Disponible en: <a href=\"https:\/\/www.arduino.cc\/en\/software\" target=\"_blank\" rel=\"noreferrer noopener\">https:\/\/www.arduino.cc\/en\/software<\/a><\/p>\n<\/div><\/div>\n\n\n\n<div style=\"height:50px\" aria-hidden=\"true\" class=\"wp-block-spacer\"><\/div>\n\n\n\n<p><a href=\"http:\/\/132.248.251.218\/wpArduino\/wp-admin\/edit.php?post_type=page\"><\/a><\/p>\n\n\n\n<div class=\"wp-block-group\"><div class=\"wp-block-group__inner-container is-layout-flow wp-block-group-is-layout-flow\">\n<h2 class=\"wp-block-heading\"><mark style=\"background-color:rgba(0, 0, 0, 0);color:#002a7b\" class=\"has-inline-color\">Desarrollo<\/mark><\/h2>\n\n\n\n<h4><span style=\"color: #002b7a;\">Conexi\u00f3n del circuito electr\u00f3nico<\/span><\/h4>\n<p>Vamos a armar el circuito electr\u00f3nico. Ubica el espacio de conexi\u00f3n del sensor HC-SR04 en tu DASA. Conecta el sensor como se muestra en la Figura 2.&nbsp;<\/p>\n\n\n<div class=\"wp-block-image\">\n<figure class=\"aligncenter size-large is-resized\"><img loading=\"lazy\" decoding=\"async\" src=\"https:\/\/iaciduino.enp.unam.mx\/wp-content\/uploads\/2022\/02\/dasa-hc-sr04-1024x768.png\" alt=\"dasa-ultrasonico\" width=\"768\" height=\"576\"\/><figcaption class=\"wp-element-caption\">Figura 2 Conexi\u00f3n del sensor ultras\u00f3nico al DASA<\/figcaption><\/figure><\/div>\n\n\n<h4><span style=\"color: #0000ff;\">Conexi\u00f3n del DASA a la tarjeta Arduino<\/span><\/h4>\n<p>Conecta el DASA a la tarjeta Arduino UNO como se muestra en la Figura 3. Aseg\u00farate que todos los pines se introduzcan completamente&nbsp; en los conectores de&nbsp; la tarjeta Arduino correspondientes.<\/p>\n\n\n<div class=\"wp-block-image\">\n<figure class=\"aligncenter size-large\"><img loading=\"lazy\" decoding=\"async\" width=\"1024\" height=\"768\" src=\"http:\/\/132.248.251.218\/wpArduino\/wp-content\/uploads\/2022\/02\/tarjeta_DASA_azul-1024x768.png\" alt=\"\" class=\"wp-image-5476\" srcset=\"https:\/\/iaciduino.enp.unam.mx\/wp-content\/uploads\/2022\/02\/tarjeta_DASA_azul-1024x768.png 1024w, https:\/\/iaciduino.enp.unam.mx\/wp-content\/uploads\/2022\/02\/tarjeta_DASA_azul-300x225.png 300w, https:\/\/iaciduino.enp.unam.mx\/wp-content\/uploads\/2022\/02\/tarjeta_DASA_azul-768x576.png 768w, https:\/\/iaciduino.enp.unam.mx\/wp-content\/uploads\/2022\/02\/tarjeta_DASA_azul-1536x1152.png 1536w, https:\/\/iaciduino.enp.unam.mx\/wp-content\/uploads\/2022\/02\/tarjeta_DASA_azul-2048x1536.png 2048w\" sizes=\"auto, (max-width: 1024px) 100vw, 1024px\" \/><figcaption class=\"wp-element-caption\">Figura 3 Conexi\u00f3n del DASA a la tarjeta Arduino UNO<\/figcaption><\/figure><\/div>\n\n\n<div style=\"height:50px\" aria-hidden=\"true\" class=\"wp-block-spacer\"><\/div>\n\n\n\n<p><em>Nota: si no tienes un DASA, puedes construir el circuito electr\u00f3nico mostrado en la Figura 4, o bien, utilizar la herramienta de simulaci\u00f3n de circuitos electr\u00f3nicos Arduino de Tinkercad.<\/em><\/p>\n\n\n\n<div style=\"height:50px\" aria-hidden=\"true\" class=\"wp-block-spacer\"><\/div>\n\n\n<div class=\"wp-block-image\">\n<figure class=\"aligncenter size-large\"><a href=\"http:\/\/132.248.251.218\/wpArduino\/wp-content\/uploads\/2022\/02\/circuito-ultrasonico.png\" target=\"_blank\" rel=\"noopener noreferrer\"><img decoding=\"async\" src=\"https:\/\/iaciduino.enp.unam.mx\/wp-content\/uploads\/2022\/02\/circuito-ultrasonico-1024x417.png\" alt=\"circuito-sensor-ultrasonico\"\/><\/a><figcaption class=\"wp-element-caption\">Figura 4 Diagrama de conexiones del sensor ultras\u00f3nico a la tarjeta Arduino UNO<\/figcaption><\/figure><\/div>\n\n\n<div style=\"height:50px\" aria-hidden=\"true\" class=\"wp-block-spacer\"><\/div>\n\n\n\n<h4><span style=\"color: #0000ff;\">Programaci\u00f3n del circuito electr\u00f3nico<\/span><\/h4>\n<p>El siguiente c\u00f3digo de Arduino te permitir\u00e1 calcular la distancia de un objeto al sensor y mostrarla en el monitor serial de Arduino. Es importante que si no est\u00e1s familiarizado con el monitor serial, realices primero la pr\u00e1ctica <a href=\"http:\/\/132.248.251.218\/wpArduino\/index.php\/manual-de-programacion-con-arduino\/monitor-serial-de-arduino\/\" target=\"_blank\" rel=\"noopener noreferrer\">El monitor serial de Arduino<\/a> del Manual de programaci\u00f3n de Arduino.<\/p>\n<pre>\/* Sensor ultras\u00f3nico HC-SR04<br>* Programa que utiliza un sensor ultras\u00f3nico para medir distancias<br>* y muestra la distancia en el monitor serial<br>* NOTA: El canal trigger est\u00e1 conectado al pin 6 y el canal echo al pin 7<br>* UNAM 2022<br>*\/<br><br>\/\/ Declaraci\u00f3n de la constante TRIG que almacena el pin al que est\u00e1 conectado el canal TRIGGER del sensor<br><span style=\"color: #3366ff;\">const int<\/span> TRIG = 6;<br>\/\/ Declaraci\u00f3n de la constante ECHO que almacena el pin al que est\u00e1 conectado el canal ECHO del sensor<br><span style=\"color: #3366ff;\">const int<\/span> ECHO = 7;<br>\/\/ Declaraci\u00f3n de variables<br><span style=\"color: #3366ff;\">long<\/span> distancia = 0;<br><span style=\"color: #3366ff;\">long<\/span> tiempo = 0;<br><br><span style=\"color: #3366ff;\">void<\/span> <span style=\"color: #008000;\">setup<\/span>() {<br><span style=\"color: #ff9900;\">Serial.begin<\/span>(9600);<br>\/\/ Activaci\u00f3n del pin TRIG como salida<br><span style=\"color: #ff9900;\">pinMode<\/span>(TRIG,<span style=\"color: #3366ff;\">OUTPUT<\/span>);<br>\/\/ Activaci\u00f3n del pin ECHO como entrada<br><span style=\"color: #ff9900;\">pinMode<\/span>(ECHO,<span style=\"color: #3366ff;\">INPUT<\/span>);<br>\/\/ Garantizar que la se\u00f1al trigger inicie en bajo<br><span style=\"color: #ff9900;\">digitalWrite<\/span>(TRIG,<span style=\"color: #3366ff;\">LOW<\/span>);<br>}<br><br><span style=\"color: #3366ff;\">void<\/span> <span style=\"color: #008000;\">loop<\/span>() {<br><span style=\"color: #ff9900;\">digitalWrite<\/span>(TRIG,<span style=\"color: #3366ff;\">HIGH<\/span>);<br><span style=\"color: #ff9900;\">delayMicroseconds<\/span>(10); \/\/ Se env\u00eda un pulso de 10 microsegundos<br><span style=\"color: #ff9900;\">digitalWrite<\/span>(TRIG,<span style=\"color: #3366ff;\">LOW<\/span>); \/\/ Activaci\u00f3n de la se\u00f1al ultras\u00f3nica<br>\/* pulseIn es la funci\u00f3n que mide la longitud del pulso entrante.<br>Mide el tiempo que transcurre entre el env\u00edo del pulso ultras\u00f3nico del pin TRIG<br>y la recepci\u00f3n de la se\u00f1al de rebote por el pin ECHO<br>*\/<br>tiempo = <span style=\"color: #ff9900;\">pulseIn<\/span>(ECHO,<span style=\"color: #3366ff;\">HIGH<\/span>);<br>\/\/ C\u00e1lculo de la distancia (n\u00famero entero)<br>distancia = <span style=\"color: #ff9900;\">int<\/span>(0.01716 * tiempo);<br>\/* Impresi\u00f3n de la distancia en el monitor serial*\/<br><span style=\"color: #ff9900;\">Serial.print<\/span>(\"Distancia \");<br><span style=\"color: #ff9900;\">Serial.print<\/span>(distancia);<br><span style=\"color: #ff9900;\">Serial.print<\/span>(\" cm\");<br><span style=\"color: #ff9900;\">Serial.println<\/span>();<br>\/\/ Pausa de 100 milisegundos<br><span style=\"color: #ff9900;\">delay<\/span>(100);<br>}<\/pre>\n\n\n\n<div style=\"height:50px\" aria-hidden=\"true\" class=\"wp-block-spacer\"><\/div>\n\n\n\n<p>Probablemente cuando analizaste el programa encontraste un c\u00f3digo misterioso para calcular la distancia. Para resolver este misterio te invitamos a ver el siguiente video.<\/p>\n\n\n\n<figure class=\"wp-block-embed is-type-video is-provider-youtube wp-block-embed-youtube wp-embed-aspect-16-9 wp-has-aspect-ratio\"><div class=\"wp-block-embed__wrapper\">\n<iframe loading=\"lazy\" title=\"El c\u00f3digo misterioso - Sensor ultras\u00f3nico\" width=\"720\" height=\"405\" src=\"https:\/\/www.youtube.com\/embed\/d3xsi-22NxU?feature=oembed\" frameborder=\"0\" allow=\"accelerometer; autoplay; clipboard-write; encrypted-media; gyroscope; picture-in-picture\" allowfullscreen><\/iframe>\n<\/div><figcaption class=\"wp-element-caption\">Video El c\u00f3digo misterioso &#8211; Sensor ultras\u00f3nico<\/figcaption><\/figure>\n\n\n\n<div style=\"height:50px\" aria-hidden=\"true\" class=\"wp-block-spacer\"><\/div>\n\n\n\n<p>Ahora te estar\u00e1s preguntando de d\u00f3nde sale el valor&nbsp; de 0.01716 utilizado en la f\u00f3rmula para calcular la distancia. Revisa la siguiente presentaci\u00f3n para que comprendas c\u00f3mo se obtiene.<\/p>\n\n\n\n<div class=\"h5p-iframe-wrapper\"><iframe id=\"h5p-iframe-67\" class=\"h5p-iframe\" data-content-id=\"67\" style=\"height:1px\" src=\"about:blank\" frameBorder=\"0\" scrolling=\"no\" title=\"Medici\u00f3n de distancias con el sensor ultras\u00f3nico\"><\/iframe><\/div>\n\n\n\n<div style=\"height:50px\" aria-hidden=\"true\" class=\"wp-block-spacer\"><\/div>\n\n\n\n<p>Captura, compila y ejecuta tu programa por medio de siguientes acciones:<\/p>\n<ol>\n<li>Abre el IDE de Arduino.<\/li>\n<li>Crea un nuevo sketch.<\/li>\n<li>Captura las instrucciones del programa.<\/li>\n<li>Guarda tu programa.<\/li>\n<li>Compila tu programa. En caso necesario, dep\u00faralo hasta que no tenga ning\u00fan error.<\/li>\n<li>Conecta la tarjeta Arduino a tu computadora.<\/li>\n<li>Selecciona el puerto serial (COM) de la computadora asociado a la tarjeta.<\/li>\n<li>Sube el programa a la memoria de la tarjeta Arduino UNO.<\/li>\n<li>Ejecuta tu programa.<\/li>\n<\/ol>\n<p>El resultado de la ejecuci\u00f3n del programa deber\u00e1 ser similar a la que se muestra en la Figura 5.<\/p>\n\n\n<div class=\"wp-block-image\">\n<figure class=\"aligncenter size-large\"><img decoding=\"async\" src=\"https:\/\/iaciduino.enp.unam.mx\/wp-content\/uploads\/2022\/02\/salida-sensor-ultrasonico.png\" alt=\"\"\/><figcaption class=\"wp-element-caption\">Figura 5 Resultado de la ejecuci\u00f3n del programa sensor ultras\u00f3nico<\/figcaption><\/figure><\/div>\n\n\n<div style=\"height:50px\" aria-hidden=\"true\" class=\"wp-block-spacer\"><\/div>\n\n\n\n<p>Realiza pruebas de medici\u00f3n con tu circuito electr\u00f3nico para determinar cu\u00e1l es la distancia m\u00ednima y m\u00e1xima que se puede medir, cu\u00e1l es el \u00e1ngulo m\u00e1ximo en el que se detecta el objeto y si el material con que est\u00e1 construido el objeto influye en la detecci\u00f3n del mismo.<\/p>\n\n\n\n<div style=\"height:50px\" aria-hidden=\"true\" class=\"wp-block-spacer\"><\/div>\n\n\n\n<h2><span style=\"color: #002b7a;\">Resultados<\/span><\/h2>\n<ul>\n<li>Indica cu\u00e1l es la variaci\u00f3n entre la distancia detectada por el sensor y la distancia real.<\/li>\n<li>Indica cu\u00e1l es la distancia m\u00e1xima a la que el sensor puede detectar el objeto.<\/li>\n<li>Indica cu\u00e1l es el \u00e1ngulo m\u00e1ximo en el que el sensor puede detectar un objeto.<\/li>\n<li>Indica si el tipo de material con el que est\u00e1 fabricado el objeto influye en su detecci\u00f3n.<\/li>\n<\/ul>\n\n\n\n<div style=\"height:50px\" aria-hidden=\"true\" class=\"wp-block-spacer\"><\/div>\n\n\n\n<h2><span style=\"color: #002b7a;\">Conclusiones<\/span><\/h2>\n<p>La f\u00f3rmula para calcular una distancia con el sensor ultras\u00f3nico es:<\/p>\n\n\n\n<p class=\"has-white-color has-text-color has-background\" style=\"background-color:#002b7a\">distancia= int(0.01716*tiempo);<\/p>\n\n\n\n<div style=\"height:50px\" aria-hidden=\"true\" class=\"wp-block-spacer\"><\/div>\n\n\n\n<p>Responde las siguientes preguntas:<\/p>\n<ol>\n<li>\u00bfQu\u00e9 aprendiste con esta pr\u00e1ctica?<\/li>\n<li>Realiza el algoritmo del procedimiento para calcular una distancia con el sensor ultras\u00f3nico y una tarjeta Arduino.<\/li>\n<li>\u00bfQu\u00e9 prototipos podr\u00edas crear con el sensor ultras\u00f3nico?<\/li>\n<li>Menciona algunos ejemplos de procesos cient\u00edficos e industriales en donde se haga uso de un sensor ultras\u00f3nico.<\/li>\n<\/ol>\n<\/div><\/div>\n\n\n\n<div style=\"height:60px\" aria-hidden=\"true\" class=\"wp-block-spacer\"><\/div>\n\n\n\n<div class=\"wp-block-group has-background\" style=\"background-color:#f2f2f2\"><div class=\"wp-block-group__inner-container is-layout-flow wp-block-group-is-layout-flow\">\n<h2 class=\"wp-block-heading\"><mark style=\"background-color:rgba(0, 0, 0, 0);color:#002b7a\" class=\"has-inline-color\">Retos Arduino<\/mark><\/h2>\n\n\n\n<p>Para que practiques tus habilidades de programaci\u00f3n en Arduino, te invitamos a que realices el siguiente reto:<\/p>\n<ol id=\"block-69919de4-46b6-4352-9738-405038206ea8\" class=\"block-editor-block-list__block wp-block is-selected rich-text block-editor-rich-text__editable wp-block\" tabindex=\"0\" role=\"textbox\" contenteditable=\"true\" aria-label=\"Escribe una lista\u2026\" aria-multiline=\"true\" data-block=\"69919de4-46b6-4352-9738-405038206ea8\" data-type=\"core\/list\" data-title=\"Lista\">\n<li>Modifica el programa para que en lugar de mostrar la distancia en el monitor serial de Arduino se muestre en un display LCD.<\/li>\n<li>Programa tu DASA para generar la alarma de proximidad propuesta en el video de esta pr\u00e1ctica.<\/li>\n<\/ol>\n<\/div><\/div>\n\n\n\n<div style=\"height:60px\" aria-hidden=\"true\" class=\"wp-block-spacer\"><\/div>\n\n\n<h2><span style=\"color: #002b7a;\">Referencias<\/span><\/h2>\n<p>Arduino. (2021). Language Reference.&nbsp;<a href=\"https:\/\/www.arduino.cc\/reference\/en\/\" target=\"_blank\" rel=\"noopener noreferrer\">https:\/\/www.arduino.cc\/reference\/en\/<\/a><\/p>\n<p>Ba\u00f1uelos, M., Pacheco, M. y Villegas, R. (2022). Dispositivo Automatizado de Sensores Arduino (DASA). Manual de usuario.&nbsp;<\/p>\n\n\n<div style=\"height:60px\" aria-hidden=\"true\" class=\"wp-block-spacer\"><\/div>\n\n\n\n<div class=\"wp-block-columns is-layout-flex wp-container-core-columns-is-layout-9d6595d7 wp-block-columns-is-layout-flex\">\n<div class=\"wp-block-column is-layout-flow wp-block-column-is-layout-flow\">\n<p><a href=\"https:\/\/iaciduino.enp.unam.mx\/index.php\/practicas-con-dasa\/control-temperatura\/\">&lt; Pr\u00e1ctica Sistema de control de temperatura ambiental<\/a><\/p>\n<\/div>\n\n\n\n<div class=\"wp-block-column is-layout-flow wp-block-column-is-layout-flow\">\n<p class=\"has-text-align-right\"><a href=\"https:\/\/iaciduino.enp.unam.mx\/index.php\/practicas-con-dasa\/sistema-de-iluminacion-nocturna-con-fotoresistencia\/\">Pr\u00e1ctica Sistema de iluminaci\u00f3n nocturna &gt;<\/a><\/p>\n<\/div>\n<\/div>\n\n\n\n<p><\/p>\n","protected":false},"excerpt":{"rendered":"<p>Pr\u00e1cticas con DASA T\u00edtulo de la pr\u00e1ctica: Sensor ultras\u00f3nico: medici\u00f3n de distancias Objetivo: El alumno usar\u00e1 un sensor ultras\u00f3nico y una tarjeta Arduino para medir distancias. Tiempo estimado: 50 minutos Nivel de dificultad: Principiante Introducci\u00f3n En el campo de la<\/p>\n","protected":false},"author":3,"featured_media":0,"parent":352,"menu_order":3,"comment_status":"closed","ping_status":"closed","template":"","meta":{"footnotes":""},"class_list":["post-5157","page","type-page","status-publish","hentry"],"_links":{"self":[{"href":"https:\/\/iaciduino.enp.unam.mx\/index.php\/wp-json\/wp\/v2\/pages\/5157","targetHints":{"allow":["GET"]}}],"collection":[{"href":"https:\/\/iaciduino.enp.unam.mx\/index.php\/wp-json\/wp\/v2\/pages"}],"about":[{"href":"https:\/\/iaciduino.enp.unam.mx\/index.php\/wp-json\/wp\/v2\/types\/page"}],"author":[{"embeddable":true,"href":"https:\/\/iaciduino.enp.unam.mx\/index.php\/wp-json\/wp\/v2\/users\/3"}],"replies":[{"embeddable":true,"href":"https:\/\/iaciduino.enp.unam.mx\/index.php\/wp-json\/wp\/v2\/comments?post=5157"}],"version-history":[{"count":60,"href":"https:\/\/iaciduino.enp.unam.mx\/index.php\/wp-json\/wp\/v2\/pages\/5157\/revisions"}],"predecessor-version":[{"id":6852,"href":"https:\/\/iaciduino.enp.unam.mx\/index.php\/wp-json\/wp\/v2\/pages\/5157\/revisions\/6852"}],"up":[{"embeddable":true,"href":"https:\/\/iaciduino.enp.unam.mx\/index.php\/wp-json\/wp\/v2\/pages\/352"}],"wp:attachment":[{"href":"https:\/\/iaciduino.enp.unam.mx\/index.php\/wp-json\/wp\/v2\/media?parent=5157"}],"curies":[{"name":"wp","href":"https:\/\/api.w.org\/{rel}","templated":true}]}}