 
{"id":4294,"date":"2021-12-23T18:40:39","date_gmt":"2021-12-23T18:40:39","guid":{"rendered":"http:\/\/132.248.251.218\/wpArduino\/index.php\/practicas-con-dasa\/temperatura-ventilador-copy\/"},"modified":"2023-05-05T00:21:18","modified_gmt":"2023-05-05T00:21:18","slug":"sensor-temperatura","status":"publish","type":"page","link":"https:\/\/iaciduino.enp.unam.mx\/index.php\/practicas-con-dasa\/sensor-temperatura\/","title":{"rendered":"Medici\u00f3n de temperatura ambiental"},"content":{"rendered":"\n<p>Pr\u00e1cticas con DASA<\/p>\n\n\n\n<div class=\"wp-block-columns are-vertically-aligned-center has-background is-layout-flex wp-container-core-columns-is-layout-9d6595d7 wp-block-columns-is-layout-flex\" style=\"background-color:#f2f2f2\">\n<div class=\"wp-block-column is-vertically-aligned-center is-layout-flow wp-block-column-is-layout-flow\" style=\"flex-basis:20%\">\n<figure class=\"wp-block-image alignfull size-large\"><img decoding=\"async\" src=\"https:\/\/iaciduino.enp.unam.mx\/wp-content\/uploads\/2021\/01\/ArmandoCircuitosAnimado-1.gif\" alt=\"\"\/><\/figure>\n<\/div>\n\n\n\n<div class=\"wp-block-column is-vertically-aligned-center is-layout-flow wp-block-column-is-layout-flow\">\n<figure class=\"wp-block-table is-style-regular\"><table class=\"has-background\" style=\"background-color:#e7f5fe\"><tbody><tr><td>T\u00edtulo de la pr\u00e1ctica:<\/td><td>Medici\u00f3n de temperatura ambiental<\/td><\/tr><tr><td>Objetivo:<\/td><td>El alumno medir\u00e1 la temperatura ambiental con el uso del sensor de temperatura LM35 o TMP36 y una tarjeta Arduino.<\/td><\/tr><tr><td>Tiempo estimado:<\/td><td>100 minutos<\/td><\/tr><tr><td>Nivel de dificultad:<\/td><td>Principiante<\/td><\/tr><\/tbody><\/table><\/figure>\n<\/div>\n<\/div>\n\n\n\n<div style=\"height:50px\" aria-hidden=\"true\" class=\"wp-block-spacer\"><\/div>\n\n\n\n<div class=\"wp-block-group\"><div class=\"wp-block-group__inner-container is-layout-flow wp-block-group-is-layout-flow\">\n<h2><span style=\"color: #002b7a;\">Introducci\u00f3n<\/span><\/h2>\n<p>La mayor\u00eda de los procesos de la ciencia y de la industria involucran la medici\u00f3n de la temperatura ambiental para controlar diversos ambientes que requieren mantener un rango de temperatura espec\u00edfico para su correcto funcionamiento. Para ello, existen sistemas automatizados de regulaci\u00f3n de la temperatura que pueden ser tan simples como medir la temperatura ambiental y activar o desactivar un determinado dispositivo para incrementar o decrementar la temperatura, hasta otros m\u00e1s sofisticados que realizan algunas otras funciones como el an\u00e1lisis de consumo.<\/p>\n<p>Estos sistemas de regulaci\u00f3n de temperatura los puedes encontrar en los centros de c\u00f3mputo, invernaderos, salas de junta, autom\u00f3viles, cuartos de m\u00e1quinas, etc.<\/p>\n\n\n<div class=\"wp-block-image\">\n<figure class=\"aligncenter size-large is-resized\"><img loading=\"lazy\" decoding=\"async\" src=\"https:\/\/iaciduino.enp.unam.mx\/wp-content\/uploads\/2023\/04\/termometro.png\" alt=\"\" width=\"677\" height=\"538\"\/><figcaption class=\"wp-element-caption\">Figura 1 Heat Termperature Heiss Thermometer Weather por <a rel=\"noreferrer noopener\" href=\"https:\/\/www.maxpixel.net\/Heat-Temperature-Heiss-Thermometer-Weather-5439284\" target=\"_blank\">Max Pixel<\/a><\/figcaption><\/figure><\/div>\n\n\n<p><\/p>\n<p>En esta pr\u00e1ctica vas a conocer las caracter\u00edsticas y funcionamiento b\u00e1sico de los sensores de temperatura LM35 y TMP36, y aprender\u00e1s el procedimiento para registrar la temperatura ambiental con cualquiera de estos sensores y una tarjeta Arduino.<\/p>\n\n\n\n<div style=\"height:49px\" aria-hidden=\"true\" class=\"wp-block-spacer\"><\/div>\n<\/div><\/div>\n\n\n\n<div class=\"wp-block-group\"><div class=\"wp-block-group__inner-container is-layout-flow wp-block-group-is-layout-flow\">\n<h2 class=\"wp-block-heading\"><mark style=\"background-color:rgba(0, 0, 0, 0);color:#002a7b\" class=\"has-inline-color\">Materiales<\/mark><\/h2>\n\n\n\n<figure class=\"wp-block-gallery has-nested-images columns-4 wp-block-gallery-1 is-layout-flex wp-block-gallery-is-layout-flex\">\n<figure class=\"wp-block-image size-large\"><img loading=\"lazy\" decoding=\"async\" width=\"798\" height=\"600\" data-id=\"3888\" src=\"https:\/\/iaciduino.enp.unam.mx\/wp-content\/uploads\/2021\/12\/computadora-1.png\" alt=\"computadora\" class=\"wp-image-3888\" srcset=\"https:\/\/iaciduino.enp.unam.mx\/wp-content\/uploads\/2021\/12\/computadora-1.png 798w, https:\/\/iaciduino.enp.unam.mx\/wp-content\/uploads\/2021\/12\/computadora-1-300x226.png 300w, https:\/\/iaciduino.enp.unam.mx\/wp-content\/uploads\/2021\/12\/computadora-1-768x577.png 768w\" sizes=\"auto, (max-width: 798px) 100vw, 798px\" \/><figcaption class=\"wp-element-caption\">Computadora<\/figcaption><\/figure>\n\n\n\n<figure class=\"wp-block-image size-large\"><img loading=\"lazy\" decoding=\"async\" width=\"1024\" height=\"768\" data-id=\"3782\" src=\"https:\/\/iaciduino.enp.unam.mx\/wp-content\/uploads\/2021\/12\/tarjeta_arduino-1024x768.png\" alt=\"tarjeta_arduino\" class=\"wp-image-3782\" srcset=\"https:\/\/iaciduino.enp.unam.mx\/wp-content\/uploads\/2021\/12\/tarjeta_arduino-1024x768.png 1024w, https:\/\/iaciduino.enp.unam.mx\/wp-content\/uploads\/2021\/12\/tarjeta_arduino-300x225.png 300w, https:\/\/iaciduino.enp.unam.mx\/wp-content\/uploads\/2021\/12\/tarjeta_arduino-768x576.png 768w, https:\/\/iaciduino.enp.unam.mx\/wp-content\/uploads\/2021\/12\/tarjeta_arduino-1536x1152.png 1536w, https:\/\/iaciduino.enp.unam.mx\/wp-content\/uploads\/2021\/12\/tarjeta_arduino-2048x1536.png 2048w\" sizes=\"auto, (max-width: 1024px) 100vw, 1024px\" \/><figcaption class=\"wp-element-caption\">Tarjeta Arduino UNO<\/figcaption><\/figure>\n\n\n\n<figure class=\"wp-block-image size-large\"><img loading=\"lazy\" decoding=\"async\" width=\"1024\" height=\"768\" data-id=\"5468\" src=\"https:\/\/iaciduino.enp.unam.mx\/wp-content\/uploads\/2022\/02\/DASA1-1024x768.png\" alt=\"Tarjeta-DASA\" class=\"wp-image-5468\" srcset=\"https:\/\/iaciduino.enp.unam.mx\/wp-content\/uploads\/2022\/02\/DASA1-1024x768.png 1024w, https:\/\/iaciduino.enp.unam.mx\/wp-content\/uploads\/2022\/02\/DASA1-300x225.png 300w, https:\/\/iaciduino.enp.unam.mx\/wp-content\/uploads\/2022\/02\/DASA1-768x576.png 768w, https:\/\/iaciduino.enp.unam.mx\/wp-content\/uploads\/2022\/02\/DASA1-1536x1152.png 1536w, https:\/\/iaciduino.enp.unam.mx\/wp-content\/uploads\/2022\/02\/DASA1-2048x1536.png 2048w\" sizes=\"auto, (max-width: 1024px) 100vw, 1024px\" \/><figcaption class=\"wp-element-caption\">DASA<\/figcaption><\/figure>\n\n\n\n<figure class=\"wp-block-image size-large\"><img loading=\"lazy\" decoding=\"async\" width=\"1024\" height=\"768\" data-id=\"3877\" src=\"https:\/\/iaciduino.enp.unam.mx\/wp-content\/uploads\/2021\/12\/cable-usb-1024x768.png\" alt=\"cable-usb\" class=\"wp-image-3877\" srcset=\"https:\/\/iaciduino.enp.unam.mx\/wp-content\/uploads\/2021\/12\/cable-usb-1024x768.png 1024w, https:\/\/iaciduino.enp.unam.mx\/wp-content\/uploads\/2021\/12\/cable-usb-300x225.png 300w, https:\/\/iaciduino.enp.unam.mx\/wp-content\/uploads\/2021\/12\/cable-usb-768x576.png 768w, https:\/\/iaciduino.enp.unam.mx\/wp-content\/uploads\/2021\/12\/cable-usb-1536x1152.png 1536w, https:\/\/iaciduino.enp.unam.mx\/wp-content\/uploads\/2021\/12\/cable-usb-2048x1536.png 2048w\" sizes=\"auto, (max-width: 1024px) 100vw, 1024px\" \/><figcaption class=\"wp-element-caption\">Cable USB-AB<\/figcaption><\/figure>\n<\/figure>\n\n\n\n<div style=\"height:50px\" aria-hidden=\"true\" class=\"wp-block-spacer\"><\/div>\n\n\n\n<h4><span style=\"color: #002b7a;\">Programas<\/span><\/h4>\n<p>Arduino IDE. Disponible en: <a href=\"https:\/\/www.arduino.cc\/en\/software\" target=\"_blank\" rel=\"noreferrer noopener\">https:\/\/www.arduino.cc\/en\/software<\/a><\/p>\n<\/div><\/div>\n\n\n\n<div style=\"height:50px\" aria-hidden=\"true\" class=\"wp-block-spacer\"><\/div>\n\n\n\n<p><a href=\"http:\/\/132.248.251.218\/wpArduino\/wp-admin\/edit.php?post_type=page\"><\/a><\/p>\n\n\n\n<div class=\"wp-block-group\"><div class=\"wp-block-group__inner-container is-layout-flow wp-block-group-is-layout-flow\">\n<h2 class=\"wp-block-heading\"><mark style=\"background-color:rgba(0, 0, 0, 0);color:#002a7b\" class=\"has-inline-color\">Desarrollo<\/mark><\/h2>\n\n\n\n<p>Te invitamos a ver el siguiente video donde encontrar\u00e1s informaci\u00f3n importante sobre las caracter\u00edsticas y funcionamiento de los sensores de temperatura LM35 y TMP36. Tambi\u00e9n conocer\u00e1s c\u00f3mo conectar el sensor a una tarjeta Arduino UNO y el procedimiento que se realiza para poder medir la temperatura ambiental.<\/p>\n\n\n\n<div style=\"height:50px\" aria-hidden=\"true\" class=\"wp-block-spacer\"><\/div>\n\n\n\n<figure class=\"wp-block-embed is-type-video is-provider-youtube wp-block-embed-youtube wp-embed-aspect-16-9 wp-has-aspect-ratio\"><div class=\"wp-block-embed__wrapper\">\n<iframe loading=\"lazy\" title=\"Arduino. M\u00f3dulo 6.1. Sensores anal\u00f3gicos de temperatura LM35 TMP36\" width=\"720\" height=\"405\" src=\"https:\/\/www.youtube.com\/embed\/e86uPmdn8IA?feature=oembed\" frameborder=\"0\" allow=\"accelerometer; autoplay; clipboard-write; encrypted-media; gyroscope; picture-in-picture; web-share\" allowfullscreen><\/iframe>\n<\/div><figcaption class=\"wp-element-caption\">Video Sensores anal\u00f3gicos de temperatura LM35 y TMP36<\/figcaption><\/figure>\n\n\n\n<div style=\"height:50px\" aria-hidden=\"true\" class=\"wp-block-spacer\"><\/div>\n\n\n\n<h4><span style=\"color: #0000ff;\">Conexi\u00f3n del DASA<\/span><\/h4>\n<p>En esta pr\u00e1ctica vamos a emplear el sensor de temperatura LM35 que est\u00e1 integrado en el Dispositivo Automatizado de Sensores Arduino (DASA).&nbsp;<\/p>\n<p>Conecta el DASA a la tarjeta Arduino UNO como se muestra en la Figura 2. Aseg\u00farate que todos los pines se introduzcan completamente&nbsp; en los conectores de&nbsp; la tarjeta Arduino correspondientes.<\/p>\n\n\n<div class=\"wp-block-image\">\n<figure class=\"aligncenter size-large is-resized\"><img loading=\"lazy\" decoding=\"async\" src=\"https:\/\/iaciduino.enp.unam.mx\/wp-content\/uploads\/2022\/02\/tarjeta_DASA_azul-1024x768.png\" alt=\"\" width=\"768\" height=\"576\"\/><figcaption class=\"wp-element-caption\">Figura 2 Conexi\u00f3n del DASA a la tarjeta Arduino UNO<\/figcaption><\/figure><\/div>\n\n\n<p><em>Nota: si no tienes un DASA, puedes construir el circuito electr\u00f3nico mostrado en la Figura 3, o bien, utilizar la herramienta de simulaci\u00f3n de circuitos electr\u00f3nicos Arduino de Tinkercad.<\/em><\/p>\n\n\n\n<p>Toma en cuenta que el sensor de temperatura del DASA es el modelo LM35, mientras que el sensor de temperatura disponible en Tinkercad es el TMP36, as\u00ed que cuando programes el circuito electr\u00f3nico cuida colocar la instrucci\u00f3n correcta para el c\u00e1lculo de la temperatura seg\u00fan las especificaciones del sensor que utilices.<\/p>\n\n\n<div class=\"wp-block-image\">\n<figure class=\"aligncenter size-large\"><a href=\"http:\/\/132.248.251.218\/wpArduino\/wp-content\/uploads\/2021\/12\/circuito_sensor-temperatura.png\" target=\"_blank\" rel=\"noopener noreferrer\"><img decoding=\"async\" src=\"https:\/\/iaciduino.enp.unam.mx\/wp-content\/uploads\/2021\/12\/circuito_sensor-temperatura-1024x461.png\" alt=\"\"\/><\/a><figcaption class=\"wp-element-caption\">Figura 3 Diagrama de conexiones del sensor de temperatura a la tarjeta Arduino UNO<\/figcaption><\/figure><\/div>\n\n\n<div style=\"height:50px\" aria-hidden=\"true\" class=\"wp-block-spacer\"><\/div>\n\n\n\n<h4><span style=\"color: #0000ff;\">Programaci\u00f3n del circuito electr\u00f3nico<\/span><\/h4>\n<p>El siguiente c\u00f3digo te permitir\u00e1 leer el valor del sensor, calcular la temperatura ambiental y mostrarla en el monitor serial de Arduino. Aseg\u00farate de quitar el comentario de la l\u00ednea de c\u00f3digo del c\u00e1lculo de la temperatura correspondiente al sensor que est\u00e9s usando (LM35 o TMP36).<\/p>\n<p>Te recomendamos que si no est\u00e1s familiarizado con el uso del monitor serial de Arduino, revises previamente la informaci\u00f3n de la secci\u00f3n <a href=\"http:\/\/132.248.251.218\/wpArduino\/index.php\/manual-de-programacion-con-arduino\/monitor-serial-de-arduino\/\" target=\"_blank\" rel=\"noopener noreferrer\">El monitor serial<\/a> del Manual de programaci\u00f3n con Arduino.<\/p>\n<pre><span style=\"color: #999999;\">\/* Sensor de temperatura<\/span><br><span style=\"color: #999999;\">*  Programa que lee un voltaje generado por el sensor LM35,<\/span><br><span style=\"color: #999999;\">*  lo convierte al valor de temperatura ambiente en grados Celsius<\/span><br><span style=\"color: #999999;\">*  y lo muestra en el monitor serial de Arduino<\/span><br><span style=\"color: #999999;\">*  NOTA: El sensor est\u00e1 conectado al pin A3<\/span><br><span style=\"color: #999999;\">*  UNAM 2022<\/span><br><span style=\"color: #999999;\">*\/<\/span><br><br><span style=\"color: #999999;\">\/\/Declaraci\u00f3n de la constante PIN_SENSOR con el pin al que est\u00e1 conectado el sensor de temperatura<\/span><br><span style=\"color: #3366ff;\">const int<\/span> PIN_SENSOR<span style=\"color: #339966;\">=3<\/span>;<br><br><span style=\"color: #999999;\">\/\/Declaraci\u00f3n de variables para el c\u00e1lculo de la temperatura<\/span><br><span style=\"color: #3366ff;\">int<\/span> valorSensor<span style=\"color: #339966;\">=0<\/span>;<br><span style=\"color: #3366ff;\">float<\/span> temp<span style=\"color: #339966;\">=0<\/span>;<br><br><span style=\"color: #3366ff;\">void<\/span> <span style=\"color: #008000;\">setup<\/span>() {<br><span style=\"color: #999999;\">   \/\/ Inicializaci\u00f3n del monitor serial de Arduino<\/span><br><span style=\"color: #ff6600;\">   Serial.begin<\/span>(<span style=\"color: #339966;\">9600<\/span>);<br><span style=\"color: #999999;\">   \/\/ Mensaje de inicio<\/span><br><span style=\"color: #ff6600;\">   Serial.println<\/span>(\"Sensor de temperatura\");<br>}<br><br><span style=\"color: #3366ff;\">void<\/span> <span style=\"color: #008000;\">loop<\/span>() {<br><span style=\"color: #999999;\">   \/\/Lectura del sensor de temperatura<\/span><br>   valorSensor = <span style=\"color: #ff6600;\">analogRead<\/span>(PIN_SENSOR);<br><br><span style=\"color: #999999;\">   \/\/C\u00e1lculo de la temperatura sensor LM35<\/span><br><span style=\"color: #999999;\">   \/\/temp = ((valorSensor\/1023.0)*5000)\/10;<\/span><br><br><span style=\"color: #999999;\">   \/\/C\u00e1lculo de la temperatura sensor TMP36<\/span><br><span style=\"color: #999999;\">   \/\/temp = (((valorSensor\/1023.0)*5000)-500)\/10;<\/span><br><br><span style=\"color: #999999;\">   \/\/Muestra la temperatura en el monitor serial<\/span><br><span style=\"color: #ff6600;\">   Serial.print<\/span>(\"Temp = \");<br><span style=\"color: #ff6600;\">   Serial.print<\/span>(temp);<br><span style=\"color: #ff6600;\">   Serial.println<\/span>(\" \u00b0C\");<br><span style=\"color: #ff6600;\">   delay<\/span>(<span style=\"color: #339966;\">500<\/span>);<br>}<\/pre>\n\n\n\n<p>Captura, compila y ejecuta tu programa por medio de siguientes acciones:<\/p>\n<ol>\n<li>Abre el IDE de Arduino.<\/li>\n<li>Crea un nuevo sketch.<\/li>\n<li>Captura las instrucciones del programa.<\/li>\n<li>Guarda tu programa.<\/li>\n<li>Compila tu programa. En caso necesario, dep\u00faralo hasta que no tenga ning\u00fan error.<\/li>\n<li>Conecta la tarjeta Arduino a tu computadora.<\/li>\n<li>Selecciona el puerto serial (COM) de la computadora asociado a la tarjeta.<\/li>\n<li>Sube el programa a la memoria de la tarjeta Arduino UNO.<\/li>\n<li>Ejecuta tu programa.<\/li>\n<\/ol>\n<p>El resultado de la ejecuci\u00f3n de tu programa deber\u00e1 ser similar a la que se muestra en la Figura 4.<\/p>\n\n\n<div class=\"wp-block-image\">\n<figure class=\"aligncenter size-large\"><img decoding=\"async\" src=\"https:\/\/iaciduino.enp.unam.mx\/wp-content\/uploads\/2021\/12\/ejecucion-sensor-temperatura.png\" alt=\"ejecuci\u00f3n-sensor-temperatura\"\/><figcaption class=\"wp-element-caption\">Figura 4 Resultado de la ejecuci\u00f3n del programa sensor de temperatura<\/figcaption><\/figure><\/div>\n\n\n<h2><span style=\"color: #002b7a;\">Resultados<\/span><\/h2>\n<ul>\n<li>Compara la temperatura que muestra el monitor serial de Arduino con la registrada por la aplicaci\u00f3n de clima de tu tel\u00e9fono m\u00f3vil o de tu navegador. \u00bfQu\u00e9 tanto var\u00eda?&nbsp;<\/li>\n<li>Presiona con tus dedos el sensor de temperatura y observa la variaci\u00f3n en la lectura de la temperatura.<\/li>\n<\/ul>\n<p>El IDE de Arduino tambi\u00e9n te permite graficar los datos recolectados por la tarjeta. Para ello, selecciona la opci\u00f3n Serial Plotter del men\u00fa de Herramientas del IDE de Arduino.&nbsp; La Figura 5 muestra un ejemplo del resultado del programa en el Serial Plotter.<\/p>\n\n\n<div class=\"wp-block-image\">\n<figure class=\"aligncenter size-large\"><img decoding=\"async\" src=\"https:\/\/iaciduino.enp.unam.mx\/wp-content\/uploads\/2021\/12\/grafica-sensor-temperatura.png\" alt=\"\"\/><figcaption class=\"wp-element-caption\">Figura 5. Gr\u00e1fica de temperatura generada por el Serial Plotter de Arduino<\/figcaption><\/figure><\/div>\n\n\n<div style=\"height:50px\" aria-hidden=\"true\" class=\"wp-block-spacer\"><\/div>\n\n\n\n<h2><span style=\"color: #002b7a;\">Conclusiones<\/span><\/h2>\n<p>La instrucci\u00f3n para calcular la temperatura ambiental registrada con un sensor LM35 y la tarjeta Arduino es:<\/p>\n\n\n\n<p class=\"has-white-color has-text-color has-background\" style=\"background-color:#002b7a\">temp = ((valorSensor\/1023.0)*5000)\/10;<\/p>\n\n\n\n<div style=\"height:50px\" aria-hidden=\"true\" class=\"wp-block-spacer\"><\/div>\n\n\n\n<p>La instrucci\u00f3n para calcular la temperatura ambiental registrada con un sensor TMP36 y la tarjeta Arduino es:<\/p>\n\n\n\n<p class=\"has-white-color has-text-color has-background\" style=\"background-color:#002b7a\">temp = (((valorSensor\/1023.0)*5000)-500)\/10;<\/p>\n\n\n\n<div style=\"height:50px\" aria-hidden=\"true\" class=\"wp-block-spacer\"><\/div>\n\n\n\n<p>Responde las siguientes preguntas:<\/p>\n<ol>\n<li>\u00bfQu\u00e9 aprendiste con esta pr\u00e1ctica?<\/li>\n<li>Elabora un diagrama de flujo del procedimiento para leer y calcular la temperatura ambiental con un sensor LM35 o TMP36, y una tarjeta Arduino.<\/li>\n<li>\u00bfQu\u00e9 proyectos se te ocurren que podr\u00edas desarrollar con el sensor de temperatura?<\/li>\n<\/ol>\n<\/div><\/div>\n\n\n\n<div style=\"height:60px\" aria-hidden=\"true\" class=\"wp-block-spacer\"><\/div>\n\n\n\n<div class=\"wp-block-group has-background\" style=\"background-color:#f2f2f2\"><div class=\"wp-block-group__inner-container is-layout-flow wp-block-group-is-layout-flow\">\n<h2 class=\"wp-block-heading\"><mark style=\"background-color:rgba(0, 0, 0, 0);color:#002b7a\" class=\"has-inline-color\">Reto Arduino<\/mark><\/h2>\n\n\n\n<p>Para que practiques tus habilidades de programaci\u00f3n en Arduino, te invitamos a que realices el siguiente reto:<\/p>\n<ol id=\"block-69919de4-46b6-4352-9738-405038206ea8\" class=\"block-editor-block-list__block wp-block is-selected rich-text block-editor-rich-text__editable wp-block\" tabindex=\"0\" role=\"textbox\" contenteditable=\"true\" aria-label=\"Escribe una lista\u2026\" aria-multiline=\"true\" data-block=\"69919de4-46b6-4352-9738-405038206ea8\" data-type=\"core\/list\" data-title=\"Lista\">\n<li>Construye y programa un circuito electr\u00f3nico que encienda un LED o emita una alerta de sonido cuando la temperatura ambiental exceda un umbral establecido, por ejemplo 25 \u00b0C.<\/li>\n<\/ol>\n<\/div><\/div>\n\n\n\n<div style=\"height:60px\" aria-hidden=\"true\" class=\"wp-block-spacer\"><\/div>\n\n\n<h2><span style=\"color: #002b7a;\">Referencias<\/span><\/h2>\n<p>Arduino. (2021). Language Reference.&nbsp;<a href=\"https:\/\/www.arduino.cc\/reference\/en\/\" target=\"_blank\" rel=\"noopener noreferrer\">https:\/\/www.arduino.cc\/reference\/en\/<\/a><\/p>\n<p>Ba\u00f1uelos, M., Pacheco, M. y Villegas, R. (2022). Dispositivo Automatizado de Sensores Arduino (DASA). Manual de usuario.&nbsp;<\/p>\n\n\n<div style=\"height:60px\" aria-hidden=\"true\" class=\"wp-block-spacer\"><\/div>\n\n\n\n<div class=\"wp-block-columns is-layout-flex wp-container-core-columns-is-layout-9d6595d7 wp-block-columns-is-layout-flex\">\n<div class=\"wp-block-column is-layout-flow wp-block-column-is-layout-flow\"><\/div>\n\n\n\n<div class=\"wp-block-column is-layout-flow wp-block-column-is-layout-flow\">\n<p class=\"has-text-align-right\"><a href=\"https:\/\/iaciduino.enp.unam.mx\/index.php\/practicas-con-dasa\/display-lcd-2\/\">Pr\u00e1ctica Impresi\u00f3n de informaci\u00f3n con un display LCD &gt;<\/a><\/p>\n<\/div>\n<\/div>\n","protected":false},"excerpt":{"rendered":"<p>Pr\u00e1cticas con DASA T\u00edtulo de la pr\u00e1ctica: Medici\u00f3n de temperatura ambiental Objetivo: El alumno medir\u00e1 la temperatura ambiental con el uso del sensor de temperatura LM35 o TMP36 y una tarjeta Arduino. Tiempo estimado: 100 minutos Nivel de dificultad: Principiante<\/p>\n","protected":false},"author":3,"featured_media":0,"parent":352,"menu_order":0,"comment_status":"closed","ping_status":"closed","template":"","meta":{"footnotes":""},"class_list":["post-4294","page","type-page","status-publish","hentry"],"_links":{"self":[{"href":"https:\/\/iaciduino.enp.unam.mx\/index.php\/wp-json\/wp\/v2\/pages\/4294","targetHints":{"allow":["GET"]}}],"collection":[{"href":"https:\/\/iaciduino.enp.unam.mx\/index.php\/wp-json\/wp\/v2\/pages"}],"about":[{"href":"https:\/\/iaciduino.enp.unam.mx\/index.php\/wp-json\/wp\/v2\/types\/page"}],"author":[{"embeddable":true,"href":"https:\/\/iaciduino.enp.unam.mx\/index.php\/wp-json\/wp\/v2\/users\/3"}],"replies":[{"embeddable":true,"href":"https:\/\/iaciduino.enp.unam.mx\/index.php\/wp-json\/wp\/v2\/comments?post=4294"}],"version-history":[{"count":79,"href":"https:\/\/iaciduino.enp.unam.mx\/index.php\/wp-json\/wp\/v2\/pages\/4294\/revisions"}],"predecessor-version":[{"id":6848,"href":"https:\/\/iaciduino.enp.unam.mx\/index.php\/wp-json\/wp\/v2\/pages\/4294\/revisions\/6848"}],"up":[{"embeddable":true,"href":"https:\/\/iaciduino.enp.unam.mx\/index.php\/wp-json\/wp\/v2\/pages\/352"}],"wp:attachment":[{"href":"https:\/\/iaciduino.enp.unam.mx\/index.php\/wp-json\/wp\/v2\/media?parent=4294"}],"curies":[{"name":"wp","href":"https:\/\/api.w.org\/{rel}","templated":true}]}}