 
{"id":4175,"date":"2021-12-22T01:34:24","date_gmt":"2021-12-22T01:34:24","guid":{"rendered":"http:\/\/132.248.251.218\/wpArduino\/index.php\/manual-dasa-copy\/"},"modified":"2023-05-04T19:50:37","modified_gmt":"2023-05-04T19:50:37","slug":"manual-modulo-7segmentos","status":"publish","type":"page","link":"https:\/\/iaciduino.enp.unam.mx\/index.php\/manual-modulo-7segmentos\/","title":{"rendered":"Manual de usuario M\u00f3dulo 7-segmentos"},"content":{"rendered":"\n<div class=\"wp-block-columns is-layout-flex wp-container-core-columns-is-layout-9d6595d7 wp-block-columns-is-layout-flex\">\n<div class=\"wp-block-column is-layout-flow wp-block-column-is-layout-flow\" style=\"flex-basis:33.33%\">\n<figure class=\"wp-block-image size-large\"><img loading=\"lazy\" decoding=\"async\" width=\"328\" height=\"398\" src=\"http:\/\/132.248.251.218\/wpArduino\/wp-content\/uploads\/2021\/12\/producto2.png\" alt=\"manual-7segmentos\" class=\"wp-image-4176\" srcset=\"https:\/\/iaciduino.enp.unam.mx\/wp-content\/uploads\/2021\/12\/producto2.png 328w, https:\/\/iaciduino.enp.unam.mx\/wp-content\/uploads\/2021\/12\/producto2-247x300.png 247w\" sizes=\"auto, (max-width: 328px) 100vw, 328px\" \/><\/figure>\n<\/div>\n\n\n\n<div class=\"wp-block-column is-layout-flow wp-block-column-is-layout-flow\" style=\"flex-basis:66.66%\">\n<div style=\"height:49px\" aria-hidden=\"true\" class=\"wp-block-spacer\"><\/div>\n\n\n\n<p>El M\u00f3dulo 7-segmentos es un shield dise\u00f1ado por el Instituto de Ciencias Aplicadas y Tecnolog\u00eda (ICAT) de la UNAM en colaboraci\u00f3n con la Escuela Nacional Preparatoria. Est\u00e1 integrado por un display de 7 segmentos y 4 botones pulsadores que pueden ser programados con la tarjeta Arduino UNO.<\/p>\n\n\n\n<p><\/p>\n<\/div>\n<\/div>\n\n\n<a href=\"https:\/\/iaciduino.enp.unam.mx\/wp-content\/uploads\/2023\/05\/MANUAL-DE-USUARIO-MODULO-7-SEGMENTOS.v23.pdf\" class=\"pdfemb-viewer\" style=\"\" data-width=\"max\" data-height=\"max\"  data-toolbar=\"bottom\" data-toolbar-fixed=\"off\">MANUAL-DE-USUARIO-MODULO-7-SEGMENTOS.v23<br\/><\/a>\n<p class=\"wp-block-pdfemb-pdf-embedder-viewer\"><\/p>\n","protected":false},"excerpt":{"rendered":"<p>Conoce los componentes y el funcionamiento del M\u00f3dulo 7-segmentos.<\/p>\n","protected":false},"author":1,"featured_media":4176,"parent":0,"menu_order":4,"comment_status":"closed","ping_status":"closed","template":"","meta":{"footnotes":""},"class_list":["post-4175","page","type-page","status-publish","has-post-thumbnail","hentry"],"_links":{"self":[{"href":"https:\/\/iaciduino.enp.unam.mx\/index.php\/wp-json\/wp\/v2\/pages\/4175","targetHints":{"allow":["GET"]}}],"collection":[{"href":"https:\/\/iaciduino.enp.unam.mx\/index.php\/wp-json\/wp\/v2\/pages"}],"about":[{"href":"https:\/\/iaciduino.enp.unam.mx\/index.php\/wp-json\/wp\/v2\/types\/page"}],"author":[{"embeddable":true,"href":"https:\/\/iaciduino.enp.unam.mx\/index.php\/wp-json\/wp\/v2\/users\/1"}],"replies":[{"embeddable":true,"href":"https:\/\/iaciduino.enp.unam.mx\/index.php\/wp-json\/wp\/v2\/comments?post=4175"}],"version-history":[{"count":18,"href":"https:\/\/iaciduino.enp.unam.mx\/index.php\/wp-json\/wp\/v2\/pages\/4175\/revisions"}],"predecessor-version":[{"id":6619,"href":"https:\/\/iaciduino.enp.unam.mx\/index.php\/wp-json\/wp\/v2\/pages\/4175\/revisions\/6619"}],"wp:featuredmedia":[{"embeddable":true,"href":"https:\/\/iaciduino.enp.unam.mx\/index.php\/wp-json\/wp\/v2\/media\/4176"}],"wp:attachment":[{"href":"https:\/\/iaciduino.enp.unam.mx\/index.php\/wp-json\/wp\/v2\/media?parent=4175"}],"curies":[{"name":"wp","href":"https:\/\/api.w.org\/{rel}","templated":true}]}}