 
{"id":349,"date":"2020-12-04T03:09:52","date_gmt":"2020-12-04T03:09:52","guid":{"rendered":"http:\/\/papime101620.computounam.mx\/?page_id=349"},"modified":"2023-05-04T19:43:17","modified_gmt":"2023-05-04T19:43:17","slug":"manual-dasa","status":"publish","type":"page","link":"https:\/\/iaciduino.enp.unam.mx\/index.php\/manual-dasa\/","title":{"rendered":"Manual de usuario DASA"},"content":{"rendered":"\n<div class=\"wp-block-columns is-layout-flex wp-container-core-columns-is-layout-9d6595d7 wp-block-columns-is-layout-flex\">\n<div class=\"wp-block-column is-layout-flow wp-block-column-is-layout-flow\" style=\"flex-basis:33.33%\">\n<figure class=\"wp-block-image size-large\"><img decoding=\"async\" src=\"https:\/\/iaciduino.enp.unam.mx\/wp-content\/uploads\/2021\/12\/producto4.png\" alt=\"\"\/><\/figure>\n<\/div>\n\n\n\n<div class=\"wp-block-column is-layout-flow wp-block-column-is-layout-flow\" style=\"flex-basis:66.66%\">\n<div style=\"height:50px\" aria-hidden=\"true\" class=\"wp-block-spacer\"><\/div>\n\n\n\n<p>El Dispositivo Automatizado de Sensores para Arduino (DASA) fue dise\u00f1ado por el Instituto de Ciencias Aplicadas y Tecnolog\u00eda de la UNAM (ICAT) en colaboraci\u00f3n con la Escuela Nacional Preparatoria.<\/p>\n<p>El manual de usuario DASA describe las caracter\u00edsticas y funcionamiento de cada uno de sus componentes y contiene programas ejemplo para que aprendas a programarlos.<\/p>\n<\/div>\n<\/div>\n\n\n<a href=\"https:\/\/iaciduino.enp.unam.mx\/wp-content\/uploads\/2023\/05\/MANUAL-DE-USUARIO-DASA-v2.4.pdf\" class=\"pdfemb-viewer\" style=\"\" data-width=\"max\" data-height=\"max\"  data-toolbar=\"bottom\" data-toolbar-fixed=\"off\">MANUAL-DE-USUARIO-DASA-v2.4<br\/><\/a>\n<p class=\"wp-block-pdfemb-pdf-embedder-viewer\"><\/p>\n","protected":false},"excerpt":{"rendered":"<p>Conoce los componentes del Dispositivo Automatizado de Sensores para Arduino.<\/p>\n","protected":false},"author":1,"featured_media":4171,"parent":0,"menu_order":4,"comment_status":"closed","ping_status":"closed","template":"","meta":{"footnotes":""},"class_list":["post-349","page","type-page","status-publish","has-post-thumbnail","hentry"],"_links":{"self":[{"href":"https:\/\/iaciduino.enp.unam.mx\/index.php\/wp-json\/wp\/v2\/pages\/349","targetHints":{"allow":["GET"]}}],"collection":[{"href":"https:\/\/iaciduino.enp.unam.mx\/index.php\/wp-json\/wp\/v2\/pages"}],"about":[{"href":"https:\/\/iaciduino.enp.unam.mx\/index.php\/wp-json\/wp\/v2\/types\/page"}],"author":[{"embeddable":true,"href":"https:\/\/iaciduino.enp.unam.mx\/index.php\/wp-json\/wp\/v2\/users\/1"}],"replies":[{"embeddable":true,"href":"https:\/\/iaciduino.enp.unam.mx\/index.php\/wp-json\/wp\/v2\/comments?post=349"}],"version-history":[{"count":19,"href":"https:\/\/iaciduino.enp.unam.mx\/index.php\/wp-json\/wp\/v2\/pages\/349\/revisions"}],"predecessor-version":[{"id":6615,"href":"https:\/\/iaciduino.enp.unam.mx\/index.php\/wp-json\/wp\/v2\/pages\/349\/revisions\/6615"}],"wp:featuredmedia":[{"embeddable":true,"href":"https:\/\/iaciduino.enp.unam.mx\/index.php\/wp-json\/wp\/v2\/media\/4171"}],"wp:attachment":[{"href":"https:\/\/iaciduino.enp.unam.mx\/index.php\/wp-json\/wp\/v2\/media?parent=349"}],"curies":[{"name":"wp","href":"https:\/\/api.w.org\/{rel}","templated":true}]}}