 
{"id":1244,"date":"2020-12-13T00:56:14","date_gmt":"2020-12-13T00:56:14","guid":{"rendered":"http:\/\/132.248.251.218\/wpArduino\/?page_id=1244"},"modified":"2023-05-04T20:14:42","modified_gmt":"2023-05-04T20:14:42","slug":"kit-de-practicas","status":"publish","type":"page","link":"https:\/\/iaciduino.enp.unam.mx\/index.php\/manual-de-programacion-con-arduino\/kit-de-practicas\/","title":{"rendered":"Kit de pr\u00e1cticas"},"content":{"rendered":"<p>Este manual est\u00e1 dise\u00f1ado para apoyarte en tu aprendizaje de los fundamentos de programaci\u00f3n de computadoras, mediante la construcci\u00f3n y programaci\u00f3n de circuitos electr\u00f3nicos en Arduino. Para realizar las pr\u00e1cticas sugeridas en el manual es necesario tengas a tu disposici\u00f3n los materiales que se listan a continuaci\u00f3n.<\/p>\n<p>Si deseas conocer las caracter\u00edsticas principales y funcionamiento de alg\u00fan componente en particular,&nbsp; haz clic sobre la imagen para consultar la informaci\u00f3n general del dispositivo.<\/p>\n\n\n<div style=\"height:50px\" aria-hidden=\"true\" class=\"wp-block-spacer\"><\/div>\n\n\n\n<figure class=\"wp-block-gallery has-nested-images columns-default is-cropped wp-block-gallery-1 is-layout-flex wp-block-gallery-is-layout-flex\">\n<figure class=\"wp-block-image size-thumbnail\"><img loading=\"lazy\" decoding=\"async\" width=\"296\" height=\"296\" data-id=\"809\" src=\"https:\/\/iaciduino.enp.unam.mx\/wp-content\/uploads\/2020\/12\/computadora.png\" alt=\"\" class=\"wp-image-809\"\/><figcaption class=\"wp-element-caption\">Computadora<\/figcaption><\/figure>\n\n\n\n<figure class=\"wp-block-image size-thumbnail\"><img loading=\"lazy\" decoding=\"async\" width=\"296\" height=\"297\" data-id=\"1249\" src=\"https:\/\/iaciduino.enp.unam.mx\/wp-content\/uploads\/2020\/12\/internet.png\" alt=\"\" class=\"wp-image-1249\"\/><figcaption class=\"wp-element-caption\">Conexi\u00f3n a internet<\/figcaption><\/figure>\n\n\n\n<figure class=\"wp-block-image size-thumbnail\"><img loading=\"lazy\" decoding=\"async\" width=\"296\" height=\"297\" data-id=\"1248\" src=\"https:\/\/iaciduino.enp.unam.mx\/wp-content\/uploads\/2020\/12\/ide.png\" alt=\"\" class=\"wp-image-1248\"\/><figcaption class=\"wp-element-caption\">IDE Arduino<\/figcaption><\/figure>\n\n\n\n<figure class=\"wp-block-image size-thumbnail\"><img loading=\"lazy\" decoding=\"async\" width=\"296\" height=\"296\" data-id=\"684\" src=\"https:\/\/iaciduino.enp.unam.mx\/wp-content\/uploads\/2020\/12\/tarjeta.png\" alt=\"\" class=\"wp-image-684\"\/><figcaption class=\"wp-element-caption\">Tarjeta Arduino UNO<\/figcaption><\/figure>\n\n\n\n<figure class=\"wp-block-image size-thumbnail\"><img loading=\"lazy\" decoding=\"async\" width=\"297\" height=\"296\" data-id=\"808\" src=\"https:\/\/iaciduino.enp.unam.mx\/wp-content\/uploads\/2020\/12\/cable.png\" alt=\"cable USB tipo AB\" class=\"wp-image-808\"\/><figcaption class=\"wp-element-caption\">Cable USB tipo AB<\/figcaption><\/figure>\n\n\n\n<figure class=\"wp-block-image size-thumbnail\"><img loading=\"lazy\" decoding=\"async\" width=\"296\" height=\"296\" data-id=\"683\" src=\"https:\/\/iaciduino.enp.unam.mx\/wp-content\/uploads\/2020\/12\/protoboard.png\" alt=\"\" class=\"wp-image-683\"\/><figcaption class=\"wp-element-caption\">Protoboard<\/figcaption><\/figure>\n\n\n\n<figure class=\"wp-block-image size-thumbnail\"><img loading=\"lazy\" decoding=\"async\" width=\"296\" height=\"297\" data-id=\"686\" src=\"https:\/\/iaciduino.enp.unam.mx\/wp-content\/uploads\/2020\/12\/jumper.png\" alt=\"\" class=\"wp-image-686\"\/><figcaption class=\"wp-element-caption\">Cables jumper macho-macho<\/figcaption><\/figure>\n\n\n\n<figure class=\"wp-block-image size-thumbnail\"><img loading=\"lazy\" decoding=\"async\" width=\"296\" height=\"296\" data-id=\"1253\" src=\"https:\/\/iaciduino.enp.unam.mx\/wp-content\/uploads\/2020\/12\/potenciometro.png\" alt=\"\" class=\"wp-image-1253\"\/><figcaption class=\"wp-element-caption\">Potenci\u00f3metro<\/figcaption><\/figure>\n\n\n\n<figure class=\"wp-block-image size-thumbnail\"><img loading=\"lazy\" decoding=\"async\" width=\"296\" height=\"297\" data-id=\"687\" src=\"https:\/\/iaciduino.enp.unam.mx\/wp-content\/uploads\/2020\/12\/resistencia-220.png\" alt=\"\" class=\"wp-image-687\"\/><figcaption class=\"wp-element-caption\">1 resistencias 220 ohms <\/figcaption><\/figure>\n\n\n\n<figure class=\"wp-block-image size-thumbnail\"><img loading=\"lazy\" decoding=\"async\" width=\"297\" height=\"297\" data-id=\"1171\" src=\"https:\/\/iaciduino.enp.unam.mx\/wp-content\/uploads\/2020\/12\/resistencia-10-kohms.png\" alt=\"\" class=\"wp-image-1171\"\/><figcaption class=\"wp-element-caption\">1 resistencia 10 kohms<\/figcaption><\/figure>\n\n\n\n<figure class=\"wp-block-image size-thumbnail\"><img loading=\"lazy\" decoding=\"async\" width=\"296\" height=\"297\" data-id=\"1170\" src=\"https:\/\/iaciduino.enp.unam.mx\/wp-content\/uploads\/2020\/12\/boton.png\" alt=\"\" class=\"wp-image-1170\"\/><figcaption class=\"wp-element-caption\">1 bot\u00f3n pulsador<\/figcaption><\/figure>\n\n\n\n<figure class=\"wp-block-image size-thumbnail\"><img loading=\"lazy\" decoding=\"async\" width=\"296\" height=\"297\" data-id=\"685\" src=\"https:\/\/iaciduino.enp.unam.mx\/wp-content\/uploads\/2020\/12\/led.png\" alt=\"\" class=\"wp-image-685\"\/><figcaption class=\"wp-element-caption\">5 LEDs de 5 mm<\/figcaption><\/figure>\n\n\n\n<figure class=\"wp-block-image size-thumbnail\"><img loading=\"lazy\" decoding=\"async\" width=\"296\" height=\"296\" data-id=\"1575\" src=\"https:\/\/iaciduino.enp.unam.mx\/wp-content\/uploads\/2020\/12\/actuador-ledrgb.png\" alt=\"\" class=\"wp-image-1575\"\/><figcaption class=\"wp-element-caption\">1 LED RGB de c\u00e1todo com\u00fan<\/figcaption><\/figure>\n\n\n\n<figure class=\"wp-block-image size-thumbnail\"><img loading=\"lazy\" decoding=\"async\" width=\"297\" height=\"297\" data-id=\"1250\" src=\"https:\/\/iaciduino.enp.unam.mx\/wp-content\/uploads\/2020\/12\/buzzer.png\" alt=\"\" class=\"wp-image-1250\"\/><figcaption class=\"wp-element-caption\">1 buzzer<\/figcaption><\/figure>\n\n\n\n<figure class=\"wp-block-image size-thumbnail\"><img loading=\"lazy\" decoding=\"async\" width=\"296\" height=\"297\" data-id=\"1251\" src=\"https:\/\/iaciduino.enp.unam.mx\/wp-content\/uploads\/2020\/12\/display_7segmentos.png\" alt=\"\" class=\"wp-image-1251\"\/><figcaption class=\"wp-element-caption\">Led 7 segmentos<\/figcaption><\/figure>\n\n\n\n<figure class=\"wp-block-image size-thumbnail\"><img loading=\"lazy\" decoding=\"async\" width=\"217\" height=\"256\" data-id=\"2896\" src=\"https:\/\/iaciduino.enp.unam.mx\/wp-content\/uploads\/2021\/01\/LM35.png\" alt=\"\" class=\"wp-image-2896\"\/><figcaption class=\"wp-element-caption\">Sensor temperatura LM35<\/figcaption><\/figure>\n\n\n\n<figure class=\"wp-block-image size-thumbnail\"><img loading=\"lazy\" decoding=\"async\" width=\"296\" height=\"297\" data-id=\"1372\" src=\"https:\/\/iaciduino.enp.unam.mx\/wp-content\/uploads\/2020\/12\/multimetro.png\" alt=\"\" class=\"wp-image-1372\"\/><figcaption class=\"wp-element-caption\">Mult\u00edmetro<\/figcaption><\/figure>\n\n\n\n<figure class=\"wp-block-image size-thumbnail\"><img loading=\"lazy\" decoding=\"async\" width=\"591\" height=\"585\" data-id=\"3024\" src=\"https:\/\/iaciduino.enp.unam.mx\/wp-content\/uploads\/2021\/02\/lcd.png\" alt=\"\" class=\"wp-image-3024\"\/><figcaption class=\"wp-element-caption\">Display LCD 16&#215;2<\/figcaption><\/figure>\n<\/figure>\n\n\n<p>Si no dispones de alguno de estos materiales, no te preocupes, tambi\u00e9n tienes la opci\u00f3n de elaborar tus pr\u00e1cticas usando la herramienta Tinkercad. Te invitamos a revisar el <a href=\"https:\/\/iaciduino.enp.unam.mx\/index.php\/simulador-de-arduino-tinkercad\/\">Manual del Simulador de Arduino Tinkercad<\/a>.<\/p>\n\n\n<div style=\"height:50px\" aria-hidden=\"true\" class=\"wp-block-spacer\"><\/div>\n\n\n\n<hr class=\"wp-block-separator has-css-opacity\"\/>\n\n\n\n<div class=\"wp-block-columns is-layout-flex wp-container-core-columns-is-layout-9d6595d7 wp-block-columns-is-layout-flex\">\n<div class=\"wp-block-column is-layout-flow wp-block-column-is-layout-flow\">\n<p><a href=\"https:\/\/iaciduino.enp.unam.mx\/index.php\/manual-de-programacion-con-arduino\/sistema-electronico\/\">&lt;  Sistema electr\u00f3nico<\/a><\/p>\n<\/div>\n\n\n\n<div class=\"wp-block-column is-layout-flow wp-block-column-is-layout-flow\">\n<p class=\"has-text-align-right\"><a href=\"https:\/\/iaciduino.enp.unam.mx\/index.php\/manual-de-programacion-con-arduino\/la-tarjeta-arduino-uno\/\">La tarjeta Arduino UNO  ><\/a><\/p>\n<\/div>\n<\/div>\n\n\n\n<p><\/p>\n","protected":false},"excerpt":{"rendered":"<p>Este manual est\u00e1 dise\u00f1ado para apoyarte en tu aprendizaje de los fundamentos de programaci\u00f3n de computadoras, mediante la construcci\u00f3n y programaci\u00f3n de circuitos electr\u00f3nicos en Arduino. Para realizar las pr\u00e1cticas sugeridas en el manual es necesario tengas a tu disposici\u00f3n<\/p>\n","protected":false},"author":3,"featured_media":0,"parent":18,"menu_order":6,"comment_status":"closed","ping_status":"closed","template":"","meta":{"footnotes":""},"class_list":["post-1244","page","type-page","status-publish","hentry"],"_links":{"self":[{"href":"https:\/\/iaciduino.enp.unam.mx\/index.php\/wp-json\/wp\/v2\/pages\/1244","targetHints":{"allow":["GET"]}}],"collection":[{"href":"https:\/\/iaciduino.enp.unam.mx\/index.php\/wp-json\/wp\/v2\/pages"}],"about":[{"href":"https:\/\/iaciduino.enp.unam.mx\/index.php\/wp-json\/wp\/v2\/types\/page"}],"author":[{"embeddable":true,"href":"https:\/\/iaciduino.enp.unam.mx\/index.php\/wp-json\/wp\/v2\/users\/3"}],"replies":[{"embeddable":true,"href":"https:\/\/iaciduino.enp.unam.mx\/index.php\/wp-json\/wp\/v2\/comments?post=1244"}],"version-history":[{"count":35,"href":"https:\/\/iaciduino.enp.unam.mx\/index.php\/wp-json\/wp\/v2\/pages\/1244\/revisions"}],"predecessor-version":[{"id":6653,"href":"https:\/\/iaciduino.enp.unam.mx\/index.php\/wp-json\/wp\/v2\/pages\/1244\/revisions\/6653"}],"up":[{"embeddable":true,"href":"https:\/\/iaciduino.enp.unam.mx\/index.php\/wp-json\/wp\/v2\/pages\/18"}],"wp:attachment":[{"href":"https:\/\/iaciduino.enp.unam.mx\/index.php\/wp-json\/wp\/v2\/media?parent=1244"}],"curies":[{"name":"wp","href":"https:\/\/api.w.org\/{rel}","templated":true}]}}